{"id":41,"date":"2015-11-15T13:39:39","date_gmt":"2015-11-15T12:39:39","guid":{"rendered":"http:\/\/pv-wp.barterode.de\/?page_id=41"},"modified":"2025-11-18T14:35:09","modified_gmt":"2025-11-18T13:35:09","slug":"impressum","status":"publish","type":"page","link":"https:\/\/partnerschaftsverein-adelebsen.de\/en\/impressum","title":{"rendered":"Impressum"},"content":{"rendered":"<p><strong>Issued on behalf of<\/strong><br \/>\n<strong>F\u00f6rderverein der Partnerschaften Ostr\u00f3wek, Wielu\u0144 und Adelebsen e. V.<\/strong><\/p>\n<p><em><a href=\"https:\/\/partnerschaftsverein-adelebsen.de\/\">partnerschaftsverein-adelebsen.de<\/a> \/ <a href=\"http:\/\/pv-adelebsen.de\/\">pv-adelebsen.de<\/a><\/em> <img loading=\"lazy\" decoding=\"async\" class=\"size-thumbnail wp-image-485284 alignright\" src=\"https:\/\/partnerschaftsverein-adelebsen.de\/wp-content\/uploads\/2021\/02\/qrcode_partnerschaftsverein-adelebsen.de_-150x150.png\" alt=\"\" width=\"150\" height=\"150\" srcset=\"https:\/\/partnerschaftsverein-adelebsen.de\/wp-content\/uploads\/2021\/02\/qrcode_partnerschaftsverein-adelebsen.de_-150x150.png 150w, https:\/\/partnerschaftsverein-adelebsen.de\/wp-content\/uploads\/2021\/02\/qrcode_partnerschaftsverein-adelebsen.de_-300x300.png 300w, https:\/\/partnerschaftsverein-adelebsen.de\/wp-content\/uploads\/2021\/02\/qrcode_partnerschaftsverein-adelebsen.de_-200x200.png 200w, https:\/\/partnerschaftsverein-adelebsen.de\/wp-content\/uploads\/2021\/02\/qrcode_partnerschaftsverein-adelebsen.de_.png 370w\" sizes=\"auto, (max-width: 150px) 100vw, 150px\" \/><\/p>\n<p>Responsible for the content according to \u00a7 5 German Telemedia Act (TMG) and article 13 GDPR:<br \/>\nChristian Wolters (1st Chairman)<br \/>\n37139 Adelebsen, Tel. +49 (0) 5506 999 933<br \/>\nEmail: <a href=\"mailto:v&#111;rsta&#110;&#100;&#64;pv&#45;&#97;del&#101;&#98;se&#110;.&#100;e\">vorst&#97;n&#100;&#64;pv-a&#100;ele&#98;&#115;&#101;n.&#100;&#101;<\/a><\/p>\n<p>Registered association at the county court G\u00f6ttingen under the association register number: VR 2506<br \/>\nNon-profit \/ charitable status recognized by the tax office G\u00f6ttingen under the tax number: 20\/206\/18340<br \/>\nConsecutive number of the list of tax-privileged corporations: 1834<\/p>\n<p>Editorial:<br \/>\nEmail: <a href=\"mailto:&#114;ed&#97;&#107;&#116;io&#110;&#64;&#112;v-a&#100;e&#108;&#101;&#98;s&#101;n.&#100;e\">&#114;&#101;&#100;aktion&#64;pv&#45;&#97;d&#101;&#108;e&#98;&#115;&#101;n.d&#101;<\/a><\/p>\n<p>Webmaster:<br \/>\nEmail: <a href=\"mailto:we&#98;ma&#115;te&#114;&#64;pv&#45;&#97;&#100;&#101;&#108;&#101;b&#115;e&#110;.de\">&#119;&#101;&#98;&#109;&#97;st&#101;&#114;&#64;p&#118;&#45;&#97;&#100;&#101;&#108;&#101;bsen.&#100;e<\/a><\/p>\n<p>Responsible for the presentation of other organizations have their respective directors,&nbsp;represented by the Chairman.<br \/>\nThe twinning association accepts no liability for the content&nbsp;externally linked pages.<\/p>\n<p>Reference:<br \/>\nThe photos were provided by members of the association or are taken from Wikimedia Commons.<\/p>\n<p>Thanks to all who have provided photos &amp; information for the homepage.<\/p>\n<p>And here we are too:<br \/>\n<a href=\"https:\/\/www.facebook.com\/groups\/Partnerschaftsverein.Adelebsen\/\" target=\"_blank\" rel=\"noopener noreferrer\">facebook.com\/groups\/Partnerschaftsverein.Adelebsen<\/a><br \/>\n<a href=\"mailto:Pa&#114;tne&#114;&#115;&#99;h&#97;f&#116;&#115;vere&#105;&#110;.&#65;&#100;e&#108;eb&#115;e&#110;&#64;&#103;&#114;oup&#115;&#46;&#102;&#97;&#99;e&#98;o&#111;&#107;&#46;&#99;om\">P&#97;rtnerschaf&#116;&#115;ve&#114;&#101;&#105;&#110;&#46;&#65;dele&#98;&#115;en&#64;&#103;&#114;oups&#46;f&#97;&#99;e&#98;&#111;ok.&#99;o&#109;<\/a><\/p>\n<p>A closed facebook group is being planned, which will offer the active members of our partnerships the opportunity to exchange personal and professional information.<\/p>","protected":false},"excerpt":{"rendered":"<p>Issued on behalf of F\u00f6rderverein der Partnerschaften Ostr\u00f3wek, Wielu\u0144 und Adelebsen e. V. partnerschaftsverein-adelebsen.de \/ pv-adelebsen.de Responsible for the content according to <a class=\"more-link\" href=\"https:\/\/partnerschaftsverein-adelebsen.de\/en\/impressum\">weiterlesen&#8230;<\/a> <a class=\"more-link\" href=\"https:\/\/partnerschaftsverein-adelebsen.de\/en\/impressum\">weiterlesen&#8230;<\/a><\/p>\n","protected":false},"author":2,"featured_media":0,"parent":0,"menu_order":4,"comment_status":"closed","ping_status":"closed","template":"","meta":{"footnotes":""},"class_list":["post-41","page","type-page","status-publish","hentry"],"yoast_head":"<!-- This site is optimized with the Yoast SEO plugin v27.4 - https:\/\/yoast.com\/product\/yoast-seo-wordpress\/ -->\n<title>Impressum - Partnership Ostrowek, Wielun &amp; Adelebsen<\/title>\n<meta name=\"description\" content=\"Seiten zu deutsch-polnischen Themen und Nachrichten aus Wielu\u0144 und Adelebsen.\" \/>\n<meta name=\"robots\" content=\"index, follow, max-snippet:-1, max-image-preview:large, max-video-preview:-1\" \/>\n<link rel=\"canonical\" href=\"https:\/\/partnerschaftsverein-adelebsen.de\/en\/impressum\" \/>\n<meta property=\"og:locale\" content=\"en_US\" \/>\n<meta property=\"og:type\" content=\"article\" \/>\n<meta property=\"og:title\" content=\"Impressum - Partnership Ostrowek, Wielun &amp; Adelebsen\" \/>\n<meta property=\"og:description\" content=\"Seiten zu deutsch-polnischen Themen und Nachrichten aus Wielu\u0144 und Adelebsen.\" \/>\n<meta property=\"og:url\" content=\"https:\/\/partnerschaftsverein-adelebsen.de\/en\/impressum\" \/>\n<meta property=\"og:site_name\" content=\"Partnership Ostrowek, Wielun &amp; Adelebsen\" \/>\n<meta property=\"article:publisher\" content=\"https:\/\/www.facebook.com\/groups\/Partnerschaftsverein.Adelebsen\/\" \/>\n<meta property=\"article:modified_time\" content=\"2025-11-18T13:35:09+00:00\" \/>\n<meta property=\"og:image\" content=\"https:\/\/partnerschaftsverein-adelebsen.de\/wp-content\/uploads\/2021\/02\/qrcode_partnerschaftsverein-adelebsen.de_-150x150.png\" \/>\n<meta name=\"twitter:card\" content=\"summary_large_image\" \/>\n<meta name=\"twitter:label1\" content=\"Est. reading time\" \/>\n\t<meta name=\"twitter:data1\" content=\"2 minutes\" \/>\n<script type=\"application\/ld+json\" class=\"yoast-schema-graph\">{\"@context\":\"https:\\\/\\\/schema.org\",\"@graph\":[{\"@type\":\"WebPage\",\"@id\":\"https:\\\/\\\/partnerschaftsverein-adelebsen.de\\\/en\\\/impressum\",\"url\":\"https:\\\/\\\/partnerschaftsverein-adelebsen.de\\\/en\\\/impressum\",\"name\":\"Impressum - Partnership Ostrowek, Wielun &amp; Adelebsen\",\"isPartOf\":{\"@id\":\"https:\\\/\\\/partnerschaftsverein-adelebsen.de\\\/en\\\/#website\"},\"primaryImageOfPage\":{\"@id\":\"https:\\\/\\\/partnerschaftsverein-adelebsen.de\\\/en\\\/impressum#primaryimage\"},\"image\":{\"@id\":\"https:\\\/\\\/partnerschaftsverein-adelebsen.de\\\/en\\\/impressum#primaryimage\"},\"thumbnailUrl\":\"https:\\\/\\\/partnerschaftsverein-adelebsen.de\\\/wp-content\\\/uploads\\\/2021\\\/02\\\/qrcode_partnerschaftsverein-adelebsen.de_-150x150.png\",\"datePublished\":\"2015-11-15T12:39:39+00:00\",\"dateModified\":\"2025-11-18T13:35:09+00:00\",\"description\":\"Seiten zu deutsch-polnischen Themen und Nachrichten aus Wielu\u0144 und Adelebsen.\",\"breadcrumb\":{\"@id\":\"https:\\\/\\\/partnerschaftsverein-adelebsen.de\\\/en\\\/impressum#breadcrumb\"},\"inLanguage\":\"en-US\",\"potentialAction\":[{\"@type\":\"ReadAction\",\"target\":[[\"https:\\\/\\\/partnerschaftsverein-adelebsen.de\\\/en\\\/impressum\"]]}]},{\"@type\":\"ImageObject\",\"inLanguage\":\"en-US\",\"@id\":\"https:\\\/\\\/partnerschaftsverein-adelebsen.de\\\/en\\\/impressum#primaryimage\",\"url\":\"https:\\\/\\\/partnerschaftsverein-adelebsen.de\\\/wp-content\\\/uploads\\\/2021\\\/02\\\/qrcode_partnerschaftsverein-adelebsen.de_-150x150.png\",\"contentUrl\":\"https:\\\/\\\/partnerschaftsverein-adelebsen.de\\\/wp-content\\\/uploads\\\/2021\\\/02\\\/qrcode_partnerschaftsverein-adelebsen.de_-150x150.png\"},{\"@type\":\"BreadcrumbList\",\"@id\":\"https:\\\/\\\/partnerschaftsverein-adelebsen.de\\\/en\\\/impressum#breadcrumb\",\"itemListElement\":[{\"@type\":\"ListItem\",\"position\":1,\"name\":\"Startseite\",\"item\":\"https:\\\/\\\/partnerschaftsverein-adelebsen.de\\\/en\\\/\"},{\"@type\":\"ListItem\",\"position\":2,\"name\":\"Impressum\"}]},{\"@type\":\"WebSite\",\"@id\":\"https:\\\/\\\/partnerschaftsverein-adelebsen.de\\\/en\\\/#website\",\"url\":\"https:\\\/\\\/partnerschaftsverein-adelebsen.de\\\/en\\\/\",\"name\":\"Partnership Ostrowek, Wielun &amp; Adelebsen\",\"description\":\"Partnership association Adelebsen\",\"publisher\":{\"@id\":\"https:\\\/\\\/partnerschaftsverein-adelebsen.de\\\/en\\\/#organization\"},\"potentialAction\":[{\"@type\":\"SearchAction\",\"target\":{\"@type\":\"EntryPoint\",\"urlTemplate\":\"https:\\\/\\\/partnerschaftsverein-adelebsen.de\\\/en\\\/?s={search_term_string}\"},\"query-input\":{\"@type\":\"PropertyValueSpecification\",\"valueRequired\":true,\"valueName\":\"search_term_string\"}}],\"inLanguage\":\"en-US\"},{\"@type\":\"Organization\",\"@id\":\"https:\\\/\\\/partnerschaftsverein-adelebsen.de\\\/en\\\/#organization\",\"name\":\"F\u00f6rderverein der Partnerschaften Ostrowek, Wielun und Adelebsen e.V.\",\"url\":\"https:\\\/\\\/partnerschaftsverein-adelebsen.de\\\/en\\\/\",\"logo\":{\"@type\":\"ImageObject\",\"inLanguage\":\"en-US\",\"@id\":\"https:\\\/\\\/partnerschaftsverein-adelebsen.de\\\/en\\\/#\\\/schema\\\/logo\\\/image\\\/\",\"url\":\"https:\\\/\\\/partnerschaftsverein-adelebsen.de\\\/wp-content\\\/uploads\\\/2016\\\/08\\\/pv-logo-06.png\",\"contentUrl\":\"https:\\\/\\\/partnerschaftsverein-adelebsen.de\\\/wp-content\\\/uploads\\\/2016\\\/08\\\/pv-logo-06.png\",\"width\":544,\"height\":674,\"caption\":\"F\u00f6rderverein der Partnerschaften Ostrowek, Wielun und Adelebsen e.V.\"},\"image\":{\"@id\":\"https:\\\/\\\/partnerschaftsverein-adelebsen.de\\\/en\\\/#\\\/schema\\\/logo\\\/image\\\/\"},\"sameAs\":[\"https:\\\/\\\/www.facebook.com\\\/groups\\\/Partnerschaftsverein.Adelebsen\\\/\"]}]}<\/script>\n<!-- \/ Yoast SEO plugin. -->","yoast_head_json":{"title":"Impressum - Partnership Ostrowek, Wielun &amp; Adelebsen","description":"Seiten zu deutsch-polnischen Themen und Nachrichten aus Wielu\u0144 und Adelebsen.","robots":{"index":"index","follow":"follow","max-snippet":"max-snippet:-1","max-image-preview":"max-image-preview:large","max-video-preview":"max-video-preview:-1"},"canonical":"https:\/\/partnerschaftsverein-adelebsen.de\/en\/impressum","og_locale":"en_US","og_type":"article","og_title":"Impressum - Partnership Ostrowek, Wielun &amp; Adelebsen","og_description":"Seiten zu deutsch-polnischen Themen und Nachrichten aus Wielu\u0144 und Adelebsen.","og_url":"https:\/\/partnerschaftsverein-adelebsen.de\/en\/impressum","og_site_name":"Partnership Ostrowek, Wielun &amp; Adelebsen","article_publisher":"https:\/\/www.facebook.com\/groups\/Partnerschaftsverein.Adelebsen\/","article_modified_time":"2025-11-18T13:35:09+00:00","og_image":[{"url":"https:\/\/partnerschaftsverein-adelebsen.de\/wp-content\/uploads\/2021\/02\/qrcode_partnerschaftsverein-adelebsen.de_-150x150.png","type":"","width":"","height":""}],"twitter_card":"summary_large_image","twitter_misc":{"Est. reading time":"2 minutes"},"schema":{"@context":"https:\/\/schema.org","@graph":[{"@type":"WebPage","@id":"https:\/\/partnerschaftsverein-adelebsen.de\/en\/impressum","url":"https:\/\/partnerschaftsverein-adelebsen.de\/en\/impressum","name":"Impressum - Partnership Ostrowek, Wielun &amp; Adelebsen","isPartOf":{"@id":"https:\/\/partnerschaftsverein-adelebsen.de\/en\/#website"},"primaryImageOfPage":{"@id":"https:\/\/partnerschaftsverein-adelebsen.de\/en\/impressum#primaryimage"},"image":{"@id":"https:\/\/partnerschaftsverein-adelebsen.de\/en\/impressum#primaryimage"},"thumbnailUrl":"https:\/\/partnerschaftsverein-adelebsen.de\/wp-content\/uploads\/2021\/02\/qrcode_partnerschaftsverein-adelebsen.de_-150x150.png","datePublished":"2015-11-15T12:39:39+00:00","dateModified":"2025-11-18T13:35:09+00:00","description":"Seiten zu deutsch-polnischen Themen und Nachrichten aus Wielu\u0144 und Adelebsen.","breadcrumb":{"@id":"https:\/\/partnerschaftsverein-adelebsen.de\/en\/impressum#breadcrumb"},"inLanguage":"en-US","potentialAction":[{"@type":"ReadAction","target":[["https:\/\/partnerschaftsverein-adelebsen.de\/en\/impressum"]]}]},{"@type":"ImageObject","inLanguage":"en-US","@id":"https:\/\/partnerschaftsverein-adelebsen.de\/en\/impressum#primaryimage","url":"https:\/\/partnerschaftsverein-adelebsen.de\/wp-content\/uploads\/2021\/02\/qrcode_partnerschaftsverein-adelebsen.de_-150x150.png","contentUrl":"https:\/\/partnerschaftsverein-adelebsen.de\/wp-content\/uploads\/2021\/02\/qrcode_partnerschaftsverein-adelebsen.de_-150x150.png"},{"@type":"BreadcrumbList","@id":"https:\/\/partnerschaftsverein-adelebsen.de\/en\/impressum#breadcrumb","itemListElement":[{"@type":"ListItem","position":1,"name":"Startseite","item":"https:\/\/partnerschaftsverein-adelebsen.de\/en\/"},{"@type":"ListItem","position":2,"name":"Impressum"}]},{"@type":"WebSite","@id":"https:\/\/partnerschaftsverein-adelebsen.de\/en\/#website","url":"https:\/\/partnerschaftsverein-adelebsen.de\/en\/","name":"Partnership Ostrowek, Wielun &amp; Adelebsen","description":"Partnership association Adelebsen","publisher":{"@id":"https:\/\/partnerschaftsverein-adelebsen.de\/en\/#organization"},"potentialAction":[{"@type":"SearchAction","target":{"@type":"EntryPoint","urlTemplate":"https:\/\/partnerschaftsverein-adelebsen.de\/en\/?s={search_term_string}"},"query-input":{"@type":"PropertyValueSpecification","valueRequired":true,"valueName":"search_term_string"}}],"inLanguage":"en-US"},{"@type":"Organization","@id":"https:\/\/partnerschaftsverein-adelebsen.de\/en\/#organization","name":"F\u00f6rderverein der Partnerschaften Ostrowek, Wielun und Adelebsen e.V.","url":"https:\/\/partnerschaftsverein-adelebsen.de\/en\/","logo":{"@type":"ImageObject","inLanguage":"en-US","@id":"https:\/\/partnerschaftsverein-adelebsen.de\/en\/#\/schema\/logo\/image\/","url":"https:\/\/partnerschaftsverein-adelebsen.de\/wp-content\/uploads\/2016\/08\/pv-logo-06.png","contentUrl":"https:\/\/partnerschaftsverein-adelebsen.de\/wp-content\/uploads\/2016\/08\/pv-logo-06.png","width":544,"height":674,"caption":"F\u00f6rderverein der Partnerschaften Ostrowek, Wielun und Adelebsen e.V."},"image":{"@id":"https:\/\/partnerschaftsverein-adelebsen.de\/en\/#\/schema\/logo\/image\/"},"sameAs":["https:\/\/www.facebook.com\/groups\/Partnerschaftsverein.Adelebsen\/"]}]}},"_links":{"self":[{"href":"https:\/\/partnerschaftsverein-adelebsen.de\/en\/wp-json\/wp\/v2\/pages\/41","targetHints":{"allow":["GET"]}}],"collection":[{"href":"https:\/\/partnerschaftsverein-adelebsen.de\/en\/wp-json\/wp\/v2\/pages"}],"about":[{"href":"https:\/\/partnerschaftsverein-adelebsen.de\/en\/wp-json\/wp\/v2\/types\/page"}],"author":[{"embeddable":true,"href":"https:\/\/partnerschaftsverein-adelebsen.de\/en\/wp-json\/wp\/v2\/users\/2"}],"replies":[{"embeddable":true,"href":"https:\/\/partnerschaftsverein-adelebsen.de\/en\/wp-json\/wp\/v2\/comments?post=41"}],"version-history":[{"count":1,"href":"https:\/\/partnerschaftsverein-adelebsen.de\/en\/wp-json\/wp\/v2\/pages\/41\/revisions"}],"predecessor-version":[{"id":1835875,"href":"https:\/\/partnerschaftsverein-adelebsen.de\/en\/wp-json\/wp\/v2\/pages\/41\/revisions\/1835875"}],"wp:attachment":[{"href":"https:\/\/partnerschaftsverein-adelebsen.de\/en\/wp-json\/wp\/v2\/media?parent=41"}],"curies":[{"name":"wp","href":"https:\/\/api.w.org\/{rel}","templated":true}]}}