{"id":777,"date":"2015-11-14T14:52:48","date_gmt":"2015-11-14T13:52:48","guid":{"rendered":"http:\/\/pv-wp.barterode.de\/?page_id=2"},"modified":"2020-09-01T14:15:36","modified_gmt":"2020-09-01T12:15:36","slug":"willkommen","status":"publish","type":"page","link":"https:\/\/partnerschaftsverein-adelebsen.de\/en\/willkommen","title":{"rendered":"Welcome"},"content":{"rendered":"<p><\/p>\n<p style=\"text-align: justify;\">Since September 10, 1999 there is the official partnership of the Flecken Adelebsen with the city Wielu\u0144 and the municipality Ostr\u00f3wek. Since then, a variety of mutual contacts between the fire brigades, student groups and individuals were held as well as official visits of the local councils.<br \/>&nbsp;<br \/>\n<a href=\"https:\/\/partnerschaftsverein-adelebsen.de\/wp-content\/uploads\/2015\/11\/t_logo_wielunia_156.jpg\"><img loading=\"lazy\" decoding=\"async\" class=\"alignleft wp-image-169 size-medium\" src=\"https:\/\/partnerschaftsverein-adelebsen.de\/wp-content\/uploads\/2015\/11\/t_logo_wielunia_156-300x194.jpg\" alt=\"t_logo_wielunia_156\" width=\"300\" height=\"194\" srcset=\"https:\/\/partnerschaftsverein-adelebsen.de\/wp-content\/uploads\/2015\/11\/t_logo_wielunia_156-300x194.jpg 300w, https:\/\/partnerschaftsverein-adelebsen.de\/wp-content\/uploads\/2015\/11\/t_logo_wielunia_156.jpg 400w\" sizes=\"auto, (max-width: 300px) 100vw, 300px\" \/><\/a> <img loading=\"lazy\" decoding=\"async\" class=\"alignright wp-image-167 size-full\" src=\"https:\/\/partnerschaftsverein-adelebsen.de\/wp-content\/uploads\/2015\/11\/Wielun.jpg\" alt=\"Wielun\" width=\"209\" height=\"279\"><a href=\"https:\/\/partnerschaftsverein-adelebsen.de\/wp-content\/uploads\/2015\/11\/wielun-sredniowieczny-4-1400610668_klein.jpg.webp\"><img loading=\"lazy\" decoding=\"async\" class=\"aligncenter wp-image-372 size-full\" src=\"https:\/\/partnerschaftsverein-adelebsen.de\/wp-content\/uploads\/2015\/11\/wielun-sredniowieczny-4-1400610668_klein.jpg\" alt=\"The bronze sculpture &quot;Eternal Love&quot; in Wielun,  the city of peace, is a work from the Polish artist Siudmak\" width=\"720\" height=\"480\" srcset=\"https:\/\/partnerschaftsverein-adelebsen.de\/wp-content\/uploads\/2015\/11\/wielun-sredniowieczny-4-1400610668_klein.jpg 720w, https:\/\/partnerschaftsverein-adelebsen.de\/wp-content\/uploads\/2015\/11\/wielun-sredniowieczny-4-1400610668_klein-300x200.jpg 300w\" sizes=\"auto, (max-width: 720px) 100vw, 720px\" \/><\/a><\/p>\n<p style=\"text-align: center;\">The bronze sculpture \u201cWieczna Mi\u0142o\u015b\u0107 &#8211; Eternal Love\u201d, created by the artist and<br \/>\nPeace activist <a href=\"https:\/\/en.wikipedia.org\/wiki\/Wojciech_Siudmak\" target=\"_blank\" rel=\"noopener noreferrer\">Wojciech Siudmak<\/a>, was unveiled on August 31, 2013.&nbsp;<\/p>\n<p style=\"text-align: center;\"><iframe loading=\"lazy\" class=\"aligncenter\" style=\"border: 0;\" src=\"https:\/\/www.google.com\/maps\/embed?pb=!4v1573406905302!6m8!1m7!1sJLQ-bFrmMWo3r13MRabEvQ!2m2!1d51.22025519957276!2d18.57026660736977!3f99.87!4f2.269999999999996!5f0.7820865974627469\" width=\"720\" height=\"450\" frameborder=\"0\" align=\"center;\" allowfullscreen=\"allowfullscreen\"><span data-mce-type=\"bookmark\" style=\"display: inline-block; width: 0px; overflow: hidden; line-height: 0;\" class=\"mce_SELRES_start\">\ufeff<\/span><\/iframe><\/p>\n<p><\/p>\n<div class=\"shariff\"><ul class=\"shariff-buttons theme-default orientation-horizontal buttonsize-medium\"><li class=\"shariff-button mastodon shariff-nocustomcolor\" style=\"background-color:#563ACC\"><a href=\"https:\/\/s2f.kytta.dev\/?text=Welcome https%3A%2F%2Fpartnerschaftsverein-adelebsen.de%2Fen%2Fwillkommen\" title=\"Share on Mastodon\" aria-label=\"Share on Mastodon\" role=\"button\" rel=\"noopener nofollow\" class=\"shariff-link\" style=\"; background-color:#6364FF; color:#fff\" target=\"_blank\"><span class=\"shariff-icon\" style=\"\"><svg width=\"75\" height=\"79\" viewBox=\"0 0 75 79\" fill=\"none\" xmlns=\"http:\/\/www.w3.org\/2000\/svg\"><path d=\"M37.813-.025C32.462-.058 27.114.13 21.79.598c-8.544.621-17.214 5.58-20.203 13.931C-1.12 23.318.408 32.622.465 41.65c.375 7.316.943 14.78 3.392 21.73 4.365 9.465 14.781 14.537 24.782 15.385 7.64.698 15.761-.213 22.517-4.026a54.1 54.1 0 0 0 .01-6.232c-6.855 1.316-14.101 2.609-21.049 1.074-3.883-.88-6.876-4.237-7.25-8.215-1.53-3.988 3.78-.43 5.584-.883 9.048 1.224 18.282.776 27.303-.462 7.044-.837 14.26-4.788 16.65-11.833 2.263-6.135 1.215-12.79 1.698-19.177.06-3.84.09-7.692-.262-11.52C72.596 7.844 63.223.981 53.834.684a219.453 219.453 0 0 0-16.022-.71zm11.294 12.882c5.5-.067 10.801 4.143 11.67 9.653.338 1.48.471 3 .471 4.515v21.088h-8.357c-.07-7.588.153-15.182-.131-22.765-.587-4.368-7.04-5.747-9.672-2.397-2.422 3.04-1.47 7.155-1.67 10.735v6.392h-8.307c-.146-4.996.359-10.045-.404-15.002-1.108-4.218-7.809-5.565-10.094-1.666-1.685 3.046-.712 6.634-.976 9.936v14.767h-8.354c.109-8.165-.238-16.344.215-24.5.674-5.346 5.095-10.389 10.676-10.627 4.902-.739 10.103 2.038 12.053 6.631.375 1.435 1.76 1.932 1.994.084 1.844-3.704 5.501-6.739 9.785-6.771.367-.044.735-.068 1.101-.073z\"\/><defs><linearGradient id=\"paint0_linear_549_34\" x1=\"37.0692\" y1=\"0\" x2=\"37.0692\" y2=\"79\" gradientUnits=\"userSpaceOnUse\"><stop stop-color=\"#6364FF\"\/><stop offset=\"1\" stop-color=\"#563ACC\"\/><\/linearGradient><\/defs><\/svg><\/span><span class=\"shariff-text\">share<\/span>&nbsp;<\/a><\/li><li class=\"shariff-button facebook shariff-nocustomcolor\" style=\"background-color:#4273c8\"><a href=\"https:\/\/www.facebook.com\/sharer\/sharer.php?u=https%3A%2F%2Fpartnerschaftsverein-adelebsen.de%2Fen%2Fwillkommen\" title=\"Share on Facebook\" aria-label=\"Share on Facebook\" role=\"button\" rel=\"nofollow\" class=\"shariff-link\" style=\"; background-color:#3b5998; color:#fff\" target=\"_blank\"><span class=\"shariff-icon\" style=\"\"><svg width=\"32px\" height=\"20px\" xmlns=\"http:\/\/www.w3.org\/2000\/svg\" viewBox=\"0 0 18 32\"><path fill=\"#3b5998\" d=\"M17.1 0.2v4.7h-2.8q-1.5 0-2.1 0.6t-0.5 1.9v3.4h5.2l-0.7 5.3h-4.5v13.6h-5.5v-13.6h-4.5v-5.3h4.5v-3.9q0-3.3 1.9-5.2t5-1.8q2.6 0 4.1 0.2z\"\/><\/svg><\/span><span class=\"shariff-text\">share<\/span>&nbsp;<\/a><\/li><li class=\"shariff-button linkedin shariff-nocustomcolor\" style=\"background-color:#1488bf\"><a href=\"https:\/\/www.linkedin.com\/sharing\/share-offsite\/?url=https%3A%2F%2Fpartnerschaftsverein-adelebsen.de%2Fen%2Fwillkommen\" title=\"Share on LinkedIn\" aria-label=\"Share on LinkedIn\" role=\"button\" rel=\"noopener nofollow\" class=\"shariff-link\" style=\"; background-color:#0077b5; color:#fff\" target=\"_blank\"><span class=\"shariff-icon\" style=\"\"><svg width=\"32px\" height=\"20px\" xmlns=\"http:\/\/www.w3.org\/2000\/svg\" viewBox=\"0 0 27 32\"><path fill=\"#0077b5\" d=\"M6.2 11.2v17.7h-5.9v-17.7h5.9zM6.6 5.7q0 1.3-0.9 2.2t-2.4 0.9h0q-1.5 0-2.4-0.9t-0.9-2.2 0.9-2.2 2.4-0.9 2.4 0.9 0.9 2.2zM27.4 18.7v10.1h-5.9v-9.5q0-1.9-0.7-2.9t-2.3-1.1q-1.1 0-1.9 0.6t-1.2 1.5q-0.2 0.5-0.2 1.4v9.9h-5.9q0-7.1 0-11.6t0-5.3l0-0.9h5.9v2.6h0q0.4-0.6 0.7-1t1-0.9 1.6-0.8 2-0.3q3 0 4.9 2t1.9 6z\"\/><\/svg><\/span><span class=\"shariff-text\">share<\/span>&nbsp;<\/a><\/li><li class=\"shariff-button info shariff-nocustomcolor\" style=\"background-color:#eee\"><a href=\"http:\/\/ct.de\/-2467514\" title=\"More information\" aria-label=\"More information\" role=\"button\" rel=\"noopener \" class=\"shariff-link\" style=\"; background-color:#fff; color:#fff\" target=\"_blank\"><span class=\"shariff-icon\" style=\"\"><svg width=\"32px\" height=\"20px\" xmlns=\"http:\/\/www.w3.org\/2000\/svg\" viewBox=\"0 0 11 32\"><path fill=\"#999\" d=\"M11.4 24v2.3q0 0.5-0.3 0.8t-0.8 0.4h-9.1q-0.5 0-0.8-0.4t-0.4-0.8v-2.3q0-0.5 0.4-0.8t0.8-0.4h1.1v-6.8h-1.1q-0.5 0-0.8-0.4t-0.4-0.8v-2.3q0-0.5 0.4-0.8t0.8-0.4h6.8q0.5 0 0.8 0.4t0.4 0.8v10.3h1.1q0.5 0 0.8 0.4t0.3 0.8zM9.2 3.4v3.4q0 0.5-0.4 0.8t-0.8 0.4h-4.6q-0.4 0-0.8-0.4t-0.4-0.8v-3.4q0-0.4 0.4-0.8t0.8-0.4h4.6q0.5 0 0.8 0.4t0.4 0.8z\"\/><\/svg><\/span><\/a><\/li><\/ul><\/div>","protected":false},"excerpt":{"rendered":"<p>Since September 10, 1999 there is the official partnership of the Flecken Adelebsen with the city Wielu\u0144 and the municipality Ostr\u00f3wek. Since <a class=\"more-link\" href=\"https:\/\/partnerschaftsverein-adelebsen.de\/en\/willkommen\">weiterlesen&#8230;<\/a> <a class=\"more-link\" href=\"https:\/\/partnerschaftsverein-adelebsen.de\/en\/willkommen\">weiterlesen&#8230;<\/a><\/p>\n","protected":false},"author":2,"featured_media":0,"parent":0,"menu_order":1,"comment_status":"closed","ping_status":"open","template":"","meta":{"footnotes":""},"class_list":["post-777","page","type-page","status-publish","hentry"],"yoast_head":"<!-- This site is optimized with the Yoast SEO plugin v27.4 - https:\/\/yoast.com\/product\/yoast-seo-wordpress\/ -->\n<title>Welcome - Partnership Ostrowek, Wielun &amp; Adelebsen<\/title>\n<meta name=\"description\" content=\"Seiten zu deutsch-polnischen Themen und Nachrichten aus Wielu\u0144 und Adelebsen.\" \/>\n<meta name=\"robots\" content=\"index, follow, max-snippet:-1, max-image-preview:large, max-video-preview:-1\" \/>\n<link rel=\"canonical\" href=\"https:\/\/partnerschaftsverein-adelebsen.de\/en\/willkommen\" \/>\n<meta property=\"og:locale\" content=\"en_US\" \/>\n<meta property=\"og:type\" content=\"article\" \/>\n<meta property=\"og:title\" content=\"Welcome - Partnership Ostrowek, Wielun &amp; Adelebsen\" \/>\n<meta property=\"og:description\" content=\"Seiten zu deutsch-polnischen Themen und Nachrichten aus Wielu\u0144 und Adelebsen.\" \/>\n<meta property=\"og:url\" content=\"https:\/\/partnerschaftsverein-adelebsen.de\/en\/willkommen\" \/>\n<meta property=\"og:site_name\" content=\"Partnership Ostrowek, Wielun &amp; Adelebsen\" \/>\n<meta property=\"article:publisher\" content=\"https:\/\/www.facebook.com\/groups\/Partnerschaftsverein.Adelebsen\/\" \/>\n<meta property=\"article:modified_time\" content=\"2020-09-01T12:15:36+00:00\" \/>\n<meta property=\"og:image\" content=\"https:\/\/partnerschaftsverein-adelebsen.de\/wp-content\/uploads\/2015\/11\/t_logo_wielunia_156-300x194.jpg\" \/>\n<meta name=\"twitter:card\" content=\"summary_large_image\" \/>\n<meta name=\"twitter:label1\" content=\"Est. reading time\" \/>\n\t<meta name=\"twitter:data1\" content=\"1 minute\" \/>\n<script type=\"application\/ld+json\" class=\"yoast-schema-graph\">{\"@context\":\"https:\\\/\\\/schema.org\",\"@graph\":[{\"@type\":\"WebPage\",\"@id\":\"https:\\\/\\\/partnerschaftsverein-adelebsen.de\\\/en\\\/willkommen\",\"url\":\"https:\\\/\\\/partnerschaftsverein-adelebsen.de\\\/en\\\/willkommen\",\"name\":\"Welcome - Partnership Ostrowek, Wielun &amp; Adelebsen\",\"isPartOf\":{\"@id\":\"https:\\\/\\\/partnerschaftsverein-adelebsen.de\\\/en\\\/#website\"},\"primaryImageOfPage\":{\"@id\":\"https:\\\/\\\/partnerschaftsverein-adelebsen.de\\\/en\\\/willkommen#primaryimage\"},\"image\":{\"@id\":\"https:\\\/\\\/partnerschaftsverein-adelebsen.de\\\/en\\\/willkommen#primaryimage\"},\"thumbnailUrl\":\"https:\\\/\\\/partnerschaftsverein-adelebsen.de\\\/wp-content\\\/uploads\\\/2015\\\/11\\\/t_logo_wielunia_156-300x194.jpg\",\"datePublished\":\"2015-11-14T13:52:48+00:00\",\"dateModified\":\"2020-09-01T12:15:36+00:00\",\"description\":\"Seiten zu deutsch-polnischen Themen und Nachrichten aus Wielu\u0144 und Adelebsen.\",\"breadcrumb\":{\"@id\":\"https:\\\/\\\/partnerschaftsverein-adelebsen.de\\\/en\\\/willkommen#breadcrumb\"},\"inLanguage\":\"en-US\",\"potentialAction\":[{\"@type\":\"ReadAction\",\"target\":[[\"https:\\\/\\\/partnerschaftsverein-adelebsen.de\\\/en\\\/willkommen\"]]}]},{\"@type\":\"ImageObject\",\"inLanguage\":\"en-US\",\"@id\":\"https:\\\/\\\/partnerschaftsverein-adelebsen.de\\\/en\\\/willkommen#primaryimage\",\"url\":\"https:\\\/\\\/partnerschaftsverein-adelebsen.de\\\/wp-content\\\/uploads\\\/2015\\\/11\\\/t_logo_wielunia_156-300x194.jpg\",\"contentUrl\":\"https:\\\/\\\/partnerschaftsverein-adelebsen.de\\\/wp-content\\\/uploads\\\/2015\\\/11\\\/t_logo_wielunia_156-300x194.jpg\"},{\"@type\":\"BreadcrumbList\",\"@id\":\"https:\\\/\\\/partnerschaftsverein-adelebsen.de\\\/en\\\/willkommen#breadcrumb\",\"itemListElement\":[{\"@type\":\"ListItem\",\"position\":1,\"name\":\"Startseite\",\"item\":\"https:\\\/\\\/partnerschaftsverein-adelebsen.de\\\/en\\\/\"},{\"@type\":\"ListItem\",\"position\":2,\"name\":\"Welcome\"}]},{\"@type\":\"WebSite\",\"@id\":\"https:\\\/\\\/partnerschaftsverein-adelebsen.de\\\/en\\\/#website\",\"url\":\"https:\\\/\\\/partnerschaftsverein-adelebsen.de\\\/en\\\/\",\"name\":\"Partnership Ostrowek, Wielun &amp; Adelebsen\",\"description\":\"Partnership association Adelebsen\",\"publisher\":{\"@id\":\"https:\\\/\\\/partnerschaftsverein-adelebsen.de\\\/en\\\/#organization\"},\"potentialAction\":[{\"@type\":\"SearchAction\",\"target\":{\"@type\":\"EntryPoint\",\"urlTemplate\":\"https:\\\/\\\/partnerschaftsverein-adelebsen.de\\\/en\\\/?s={search_term_string}\"},\"query-input\":{\"@type\":\"PropertyValueSpecification\",\"valueRequired\":true,\"valueName\":\"search_term_string\"}}],\"inLanguage\":\"en-US\"},{\"@type\":\"Organization\",\"@id\":\"https:\\\/\\\/partnerschaftsverein-adelebsen.de\\\/en\\\/#organization\",\"name\":\"F\u00f6rderverein der Partnerschaften Ostrowek, Wielun und Adelebsen e.V.\",\"url\":\"https:\\\/\\\/partnerschaftsverein-adelebsen.de\\\/en\\\/\",\"logo\":{\"@type\":\"ImageObject\",\"inLanguage\":\"en-US\",\"@id\":\"https:\\\/\\\/partnerschaftsverein-adelebsen.de\\\/en\\\/#\\\/schema\\\/logo\\\/image\\\/\",\"url\":\"https:\\\/\\\/partnerschaftsverein-adelebsen.de\\\/wp-content\\\/uploads\\\/2016\\\/08\\\/pv-logo-06.png\",\"contentUrl\":\"https:\\\/\\\/partnerschaftsverein-adelebsen.de\\\/wp-content\\\/uploads\\\/2016\\\/08\\\/pv-logo-06.png\",\"width\":544,\"height\":674,\"caption\":\"F\u00f6rderverein der Partnerschaften Ostrowek, Wielun und Adelebsen e.V.\"},\"image\":{\"@id\":\"https:\\\/\\\/partnerschaftsverein-adelebsen.de\\\/en\\\/#\\\/schema\\\/logo\\\/image\\\/\"},\"sameAs\":[\"https:\\\/\\\/www.facebook.com\\\/groups\\\/Partnerschaftsverein.Adelebsen\\\/\"]}]}<\/script>\n<!-- \/ Yoast SEO plugin. -->","yoast_head_json":{"title":"Welcome - Partnership Ostrowek, Wielun &amp; Adelebsen","description":"Seiten zu deutsch-polnischen Themen und Nachrichten aus Wielu\u0144 und Adelebsen.","robots":{"index":"index","follow":"follow","max-snippet":"max-snippet:-1","max-image-preview":"max-image-preview:large","max-video-preview":"max-video-preview:-1"},"canonical":"https:\/\/partnerschaftsverein-adelebsen.de\/en\/willkommen","og_locale":"en_US","og_type":"article","og_title":"Welcome - Partnership Ostrowek, Wielun &amp; Adelebsen","og_description":"Seiten zu deutsch-polnischen Themen und Nachrichten aus Wielu\u0144 und Adelebsen.","og_url":"https:\/\/partnerschaftsverein-adelebsen.de\/en\/willkommen","og_site_name":"Partnership Ostrowek, Wielun &amp; Adelebsen","article_publisher":"https:\/\/www.facebook.com\/groups\/Partnerschaftsverein.Adelebsen\/","article_modified_time":"2020-09-01T12:15:36+00:00","og_image":[{"url":"https:\/\/partnerschaftsverein-adelebsen.de\/wp-content\/uploads\/2015\/11\/t_logo_wielunia_156-300x194.jpg","type":"","width":"","height":""}],"twitter_card":"summary_large_image","twitter_misc":{"Est. reading time":"1 minute"},"schema":{"@context":"https:\/\/schema.org","@graph":[{"@type":"WebPage","@id":"https:\/\/partnerschaftsverein-adelebsen.de\/en\/willkommen","url":"https:\/\/partnerschaftsverein-adelebsen.de\/en\/willkommen","name":"Welcome - Partnership Ostrowek, Wielun &amp; Adelebsen","isPartOf":{"@id":"https:\/\/partnerschaftsverein-adelebsen.de\/en\/#website"},"primaryImageOfPage":{"@id":"https:\/\/partnerschaftsverein-adelebsen.de\/en\/willkommen#primaryimage"},"image":{"@id":"https:\/\/partnerschaftsverein-adelebsen.de\/en\/willkommen#primaryimage"},"thumbnailUrl":"https:\/\/partnerschaftsverein-adelebsen.de\/wp-content\/uploads\/2015\/11\/t_logo_wielunia_156-300x194.jpg","datePublished":"2015-11-14T13:52:48+00:00","dateModified":"2020-09-01T12:15:36+00:00","description":"Seiten zu deutsch-polnischen Themen und Nachrichten aus Wielu\u0144 und Adelebsen.","breadcrumb":{"@id":"https:\/\/partnerschaftsverein-adelebsen.de\/en\/willkommen#breadcrumb"},"inLanguage":"en-US","potentialAction":[{"@type":"ReadAction","target":[["https:\/\/partnerschaftsverein-adelebsen.de\/en\/willkommen"]]}]},{"@type":"ImageObject","inLanguage":"en-US","@id":"https:\/\/partnerschaftsverein-adelebsen.de\/en\/willkommen#primaryimage","url":"https:\/\/partnerschaftsverein-adelebsen.de\/wp-content\/uploads\/2015\/11\/t_logo_wielunia_156-300x194.jpg","contentUrl":"https:\/\/partnerschaftsverein-adelebsen.de\/wp-content\/uploads\/2015\/11\/t_logo_wielunia_156-300x194.jpg"},{"@type":"BreadcrumbList","@id":"https:\/\/partnerschaftsverein-adelebsen.de\/en\/willkommen#breadcrumb","itemListElement":[{"@type":"ListItem","position":1,"name":"Startseite","item":"https:\/\/partnerschaftsverein-adelebsen.de\/en\/"},{"@type":"ListItem","position":2,"name":"Welcome"}]},{"@type":"WebSite","@id":"https:\/\/partnerschaftsverein-adelebsen.de\/en\/#website","url":"https:\/\/partnerschaftsverein-adelebsen.de\/en\/","name":"Partnership Ostrowek, Wielun &amp; Adelebsen","description":"Partnership association Adelebsen","publisher":{"@id":"https:\/\/partnerschaftsverein-adelebsen.de\/en\/#organization"},"potentialAction":[{"@type":"SearchAction","target":{"@type":"EntryPoint","urlTemplate":"https:\/\/partnerschaftsverein-adelebsen.de\/en\/?s={search_term_string}"},"query-input":{"@type":"PropertyValueSpecification","valueRequired":true,"valueName":"search_term_string"}}],"inLanguage":"en-US"},{"@type":"Organization","@id":"https:\/\/partnerschaftsverein-adelebsen.de\/en\/#organization","name":"F\u00f6rderverein der Partnerschaften Ostrowek, Wielun und Adelebsen e.V.","url":"https:\/\/partnerschaftsverein-adelebsen.de\/en\/","logo":{"@type":"ImageObject","inLanguage":"en-US","@id":"https:\/\/partnerschaftsverein-adelebsen.de\/en\/#\/schema\/logo\/image\/","url":"https:\/\/partnerschaftsverein-adelebsen.de\/wp-content\/uploads\/2016\/08\/pv-logo-06.png","contentUrl":"https:\/\/partnerschaftsverein-adelebsen.de\/wp-content\/uploads\/2016\/08\/pv-logo-06.png","width":544,"height":674,"caption":"F\u00f6rderverein der Partnerschaften Ostrowek, Wielun und Adelebsen e.V."},"image":{"@id":"https:\/\/partnerschaftsverein-adelebsen.de\/en\/#\/schema\/logo\/image\/"},"sameAs":["https:\/\/www.facebook.com\/groups\/Partnerschaftsverein.Adelebsen\/"]}]}},"_links":{"self":[{"href":"https:\/\/partnerschaftsverein-adelebsen.de\/en\/wp-json\/wp\/v2\/pages\/777","targetHints":{"allow":["GET"]}}],"collection":[{"href":"https:\/\/partnerschaftsverein-adelebsen.de\/en\/wp-json\/wp\/v2\/pages"}],"about":[{"href":"https:\/\/partnerschaftsverein-adelebsen.de\/en\/wp-json\/wp\/v2\/types\/page"}],"author":[{"embeddable":true,"href":"https:\/\/partnerschaftsverein-adelebsen.de\/en\/wp-json\/wp\/v2\/users\/2"}],"replies":[{"embeddable":true,"href":"https:\/\/partnerschaftsverein-adelebsen.de\/en\/wp-json\/wp\/v2\/comments?post=777"}],"version-history":[{"count":0,"href":"https:\/\/partnerschaftsverein-adelebsen.de\/en\/wp-json\/wp\/v2\/pages\/777\/revisions"}],"wp:attachment":[{"href":"https:\/\/partnerschaftsverein-adelebsen.de\/en\/wp-json\/wp\/v2\/media?parent=777"}],"curies":[{"name":"wp","href":"https:\/\/api.w.org\/{rel}","templated":true}]}}