{"id":779,"date":"2015-11-15T09:38:19","date_gmt":"2015-11-15T08:38:19","guid":{"rendered":"http:\/\/pv-wp.barterode.de\/?page_id=33"},"modified":"2019-03-26T08:46:18","modified_gmt":"2019-03-26T07:46:18","slug":"unsere-arbeit","status":"publish","type":"page","link":"https:\/\/partnerschaftsverein-adelebsen.de\/en\/der-verein\/unsere-arbeit","title":{"rendered":"Our work"},"content":{"rendered":"<p><span id=\"result_box\" class=\"\" lang=\"en\"><span title=\"Vereinszweck (verk\u00fcrzt nach der Satzung des gemeinn\u00fctzigen Vereins): \"><strong>Purpose of the Association<\/strong> (shortened by the Statute of the Charity Association):<\/span><\/span><\/p>\n<p><span title=\"Der Verein dient der Verst\u00e4ndigung zwischen den V\u00f6lkern der Republik Polen und der Bundesrepublik Deutschland und insbesondere der Vertiefung zwischenmenschlicher Beziehungen der Einwohnerinnen und Einwohner der Stadt Wielun\u00b4, der Gemeinde Ostro\u00b4wek und des Flecken Adelebsen. \">The association is an understanding between the peoples of the Republic of Poland and the Federal Republic of Germany and in particular the deepening of interpersonal relationships of the inhabitants of the city Wielu\u0144, the municipality Ostr\u00f3wek and the municipality Adelebsen.<\/span><\/p>\n<p><span title=\"Der Verein verfolgt den Zweck, die Partnerschaften des Flecken Adelebsen mit der Stadt Wielun\u00b4und der Gemeinde Ostro\u00b4wek weiter zu entwickeln, zu pflegen und diese auf allen Gebieten voran zu treiben;\">The association has the purpose to continue to develop partnerships of <span title=\"Der Verein dient der Verst\u00e4ndigung zwischen den V\u00f6lkern der Republik Polen und der Bundesrepublik Deutschland und insbesondere der Vertiefung zwischenmenschlicher Beziehungen der Einwohnerinnen und Einwohner der Stadt Wielun\u00b4, der Gemeinde Ostro\u00b4wek und des Flecken Adelebsen. \">municipality<\/span> Adelebsen with the city Wielu\u0144 and the municipality <span title=\"Der Verein dient der Verst\u00e4ndigung zwischen den V\u00f6lkern der Republik Polen und der Bundesrepublik Deutschland und insbesondere der Vertiefung zwischenmenschlicher Beziehungen der Einwohnerinnen und Einwohner der Stadt Wielun\u00b4, der Gemeinde Ostro\u00b4wek und des Flecken Adelebsen. \">Ostr\u00f3wek<\/span>, to maintain and to drive in all fields above; <\/span><span title=\"er unterst\u00fctzt dabei auch Organisationen und Vereine, welche partnerschaftliche Beziehungen zu Gruppen in Partnerkommunen aufbauen und unterhalten. \">He will also support organizations and associations, which build partnerships with groups in partner municipalities and entertain.<\/span><\/p>\n<p><span title=\"Der Verein hat sich zur Aufgabe gesetzt, durch Begegnungen von B\u00fcrgern, Vereinen und K\u00f6rperschaften Einsichten und Kenntnisse \u00fcber die kulturellen, sozialen, sportlichen, wirtschaftlichen und kommunalpolitischen Verh\u00e4ltnisse zu vermitteln. \">The association has set itself the task of communicating through meetings of citizens, associations and clubs insights and knowledge of the cultural, social, sporting, economic and local political conditions.<\/span><\/p>\n<p><span title=\"Er will mit den Mitteln der \u00d6ffentlichkeitsarbeit zum Abbau von Vorurteilen beitragen. \">It wants to contribute with the means of public relations work to eliminate prejudice.<\/span><\/p>\n<p><span title=\"Er unterst\u00fctzt den Kulturaustausch und f\u00f6rdert die Begegnung zwischen Einwohnern, insbesondere der Jugendlichen, der Partnergemeinden. \"><strong>It supports cultural exchanges and promotes the meeting between residents, particularly young people, of the partner municipalities.<\/strong><\/span><\/p>\n<p><span title=\"Der Mitgliedsbeitrag betrug j\u00e4hrlich 12 DM f\u00fcr nat\u00fcrliche Personen und gemeinn\u00fctzige Vereine sowie 100 DM f\u00fcr juristische Personen (jeweils j\u00e4hrlich). \">The membership fee is annually 6 \u20ac for individuals and non-profit associations and 50 \u20ac for legal persons.<\/span><\/p>\n<p><span title=\"Der erste gew\u00e4hlte Vorstand bestand aus: \"><strong>The first elected board consisted of:<\/strong><br \/>\n<\/span><span title=\"Vorsitzende: Frau Annelie Thieme \">Chairman: Mrs Annelie Thieme<br \/>\n<\/span><span title=\"Stellv.\">Deputy. <\/span><span title=\"Vorsitzende: Frau Jolanta Sporleder \">Chairman:&nbsp;<span title=\"Vorsitzende: Frau Annelie Thieme \">Mrs<\/span> Jolanta Sporleder<br \/>\n<\/span><span title=\"Stellv.\">Deputy. <\/span><span title=\"Vorsitzender: Herrn Helmut Schwer \">Chairman: Mr Helmut Schwer<br \/>\n<\/span><span title=\"Schriftf\u00fchrer: Herrn Norbert Hilke \">Secretary: Mr Norbert Hilke<br \/>\n<\/span><span title=\"Schatzmeister: Herrn Henning Riemenschneider \">Treasurer: Mr Henning Riemenschneider<\/span><\/p>\n<p><span title=\"Der Verein hatte nach der Gr\u00fcndung 20 nat\u00fcrliche Personen als Mitglieder und 5 juristische Personen (Flecken Adelebsen, Kirchengemeinde Barterode, Sparkasse G\u00f6ttingen, Volksbank Adelebsen, Gemeindejugendfeuerwehr Adelebsen). \">The club had after the foundation 20 natural persons as members and 5 legal entities (Municipality Adelebsen, Parish Barterode, Sparkasse G\u00f6ttingen, Volksbank Adelebsen, Municipality youth fire brigade Adelebsen).<\/span><\/p>\n<p><span title=\"Derzeitiger Mitgliederstand: 18 nat\u00fcrliche Personen und 6 juristische Personen (zus\u00e4tzlich zu den vorstehenden noch die Kyffh\u00e4user Kameradschaft G\u00fcntersen) \">Current members as of 17 individuals and 6 entities (in addition to the preceding nor the Kyffh\u00e4user camaraderie G\u00fcntersen)<\/span><\/p>\n<p><span title=\"Hier eine Liste unserer Aktivit\u00e4ten: &nbsp;&nbsp;&nbsp;&nbsp;\"><strong>Here is a list of our activities:<\/strong><\/span><\/p>\n<ul>\n<li><span title=\"Finanzielle F\u00f6rderung des Sch\u00fcleraustausches zwischen der Albert-Schweitzer-Schule Adelebsen und dem Gimnazjum nr.\">Financial support of student exchange between the Albert Schweitzer School Adelebsen and the Gimnazjum nr. <\/span><span title=\"2 in Wielun &nbsp;&nbsp;&nbsp;&nbsp;\">2 in <span title=\"Die erste Fahrt einer Jugendgruppe zu den Partnergemeinden war die Fahrt der 1. Jugendmannschaft des TTC Barterode und der Angelgemeinschaft Barterode in der Zeit vom 08.06.2000 bis zum 13.06.2000 nach Wielun und Ostrowek.\"><span title=\"Der Verein dient der Verst\u00e4ndigung zwischen den V\u00f6lkern der Republik Polen und der Bundesrepublik Deutschland und insbesondere der Vertiefung zwischenmenschlicher Beziehungen der Einwohnerinnen und Einwohner der Stadt Wielun\u00b4, der Gemeinde Ostro\u00b4wek und des Flecken Adelebsen. \">Wielu\u0144<\/span><\/span><br \/>\n<\/span><\/li>\n<li><span title=\"Mitveranstalter des gemeinsamen Projektes \u201eMiteinander N\u00e4her\u201c (oder \u201eN\u00e4her zueinander\u201c) im Rahmen des Deutsch-Polnischen Jahres 2005-2006 in Adelebsen v. 19.05.\">Co-organizer of the joint project &#8220;Together Closer&#8221; (or &#8220;closer to each other&#8221;) under the German-Polish Year 2005-2006 Adelebsen v. 19.05. <\/span><span title=\"- 21.05.2006 zusammen mit der Stiftung f\u00fcr die Entwicklung des Wieluner Kreises. &nbsp;&nbsp;&nbsp;&nbsp;\">&#8211; 21.05.2006 together with the Foundation for the Development of the Wielu\u0144 county.<\/span><\/li>\n<li><span title=\"Finanzielle F\u00f6rderung der gemeinsamen Jugendzeltlager der Gemeindejugendfeuerwehr mit den Jugendfeuerwehren der Partnergemeinden &nbsp;&nbsp;&nbsp;&nbsp;\">Funding of joint youth camps the <span title=\"Der Verein hatte nach der Gr\u00fcndung 20 nat\u00fcrliche Personen als Mitglieder und 5 juristische Personen (Flecken Adelebsen, Kirchengemeinde Barterode, Sparkasse G\u00f6ttingen, Volksbank Adelebsen, Gemeindejugendfeuerwehr Adelebsen). \">Municipality youth fire brigade<\/span> with the youth brigades of the partner municipalities<\/span><\/li>\n<li><span title=\"Organisation und Finanzierung der Zuwendungen in Form von medizinischen Ger\u00e4ten f\u00fcr das Kreiskrankenhaus in Wielun sowie dem Sozialheim in Skrzynno und dem Selbsthilfeheim in der Gemeinde Ostrowek &nbsp;&nbsp;&nbsp;&nbsp;\">Organization and financing of donations of medical equipment for the district hospital in <span title=\"- 21.05.2006 zusammen mit der Stiftung f\u00fcr die Entwicklung des Wieluner Kreises. &nbsp;&nbsp;&nbsp;&nbsp;\">Wielu\u0144<\/span> and the social home in Skrzynno and the self-help home in the municipality <span title=\"Die erste Fahrt einer Jugendgruppe zu den Partnergemeinden war die Fahrt der 1. Jugendmannschaft des TTC Barterode und der Angelgemeinschaft Barterode in der Zeit vom 08.06.2000 bis zum 13.06.2000 nach Wielun und Ostrowek.\"><span title=\"Der Verein dient der Verst\u00e4ndigung zwischen den V\u00f6lkern der Republik Polen und der Bundesrepublik Deutschland und insbesondere der Vertiefung zwischenmenschlicher Beziehungen der Einwohnerinnen und Einwohner der Stadt Wielun\u00b4, der Gemeinde Ostro\u00b4wek und des Flecken Adelebsen. \">Ostr\u00f3wek<\/span><\/span><br \/>\n<\/span><\/li>\n<li><span title=\"Finanzielle Unterst\u00fctzung der Fahrten von Gruppen in die Partnergemeinden &nbsp;&nbsp;&nbsp;&nbsp;\">Financial support for the journeys of groups in the partner municipalities<\/span><\/li>\n<li><span title=\"Mitorganisation der 10-Jahresfeier der Partnerschaft in Adelebsen &nbsp;&nbsp;&nbsp;&nbsp;\">Co-organization of the 10th anniversary of the partnership in Adelebsen<\/span><\/li>\n<li><span title=\"Aufstellen einer Bank in der Partnerstadt Wielun &nbsp;&nbsp;&nbsp;&nbsp;\">Setting up a bench in the twinned <span title=\"Die erste Fahrt einer Jugendgruppe zu den Partnergemeinden war die Fahrt der 1. Jugendmannschaft des TTC Barterode und der Angelgemeinschaft Barterode in der Zeit vom 08.06.2000 bis zum 13.06.2000 nach Wielun und Ostrowek.\"><span title=\"Der Verein dient der Verst\u00e4ndigung zwischen den V\u00f6lkern der Republik Polen und der Bundesrepublik Deutschland und insbesondere der Vertiefung zwischenmenschlicher Beziehungen der Einwohnerinnen und Einwohner der Stadt Wielun\u00b4, der Gemeinde Ostro\u00b4wek und des Flecken Adelebsen. \">Wielu\u0144<\/span><\/span><br \/>\n<\/span><\/li>\n<li><span title=\"Organisation und Finanzierung eines Besuches von Holzschnitzern in Adelebsen und Barterode &nbsp;&nbsp;&nbsp;&nbsp;\">Organization and financing of a visit of woodcarvers in Adelebsen and Barterode<\/span><\/li>\n<li><span title=\"Finanzielle F\u00f6rderung der Unterbringungskosten f\u00fcr polnische Abordnungen bei Festen von Ortsfeuerwehren und Vereinen. &nbsp;&nbsp;&nbsp;&nbsp;\">Financial Support to accommodation costs for Polish delegations at festivals of local fire brigades and clubs<\/span><\/li>\n<li><span title=\"und vieles andere mehr \">and much more.<\/span><\/li>\n<\/ul>\n<p><span title=\"Die erste Fahrt einer Jugendgruppe zu den Partnergemeinden war die Fahrt der 1. Jugendmannschaft des TTC Barterode und der Angelgemeinschaft Barterode in der Zeit vom 08.06.2000 bis zum 13.06.2000 nach Wielun und Ostrowek.\">The first trip of a youth group to the partner municipalities was the drive of the first youth team of the TTC Barterode and the fishing community Barterode in the period from 08.06.2000 until 13.06.2000 after <span title=\"Der Verein dient der Verst\u00e4ndigung zwischen den V\u00f6lkern der Republik Polen und der Bundesrepublik Deutschland und insbesondere der Vertiefung zwischenmenschlicher Beziehungen der Einwohnerinnen und Einwohner der Stadt Wielun\u00b4, der Gemeinde Ostro\u00b4wek und des Flecken Adelebsen. \"> Wielu\u0144 and Ostr\u00f3wek<\/span>.<\/span><\/p>\n<div class=\"shariff\"><ul class=\"shariff-buttons theme-default orientation-horizontal buttonsize-medium\"><li class=\"shariff-button mastodon shariff-nocustomcolor\" style=\"background-color:#563ACC\"><a href=\"https:\/\/s2f.kytta.dev\/?text=Our%20work https%3A%2F%2Fpartnerschaftsverein-adelebsen.de%2Fen%2Fder-verein%2Funsere-arbeit\" title=\"Share on Mastodon\" aria-label=\"Share on Mastodon\" role=\"button\" rel=\"noopener nofollow\" class=\"shariff-link\" style=\"; background-color:#6364FF; color:#fff\" target=\"_blank\"><span class=\"shariff-icon\" style=\"\"><svg width=\"75\" height=\"79\" viewBox=\"0 0 75 79\" fill=\"none\" xmlns=\"http:\/\/www.w3.org\/2000\/svg\"><path d=\"M37.813-.025C32.462-.058 27.114.13 21.79.598c-8.544.621-17.214 5.58-20.203 13.931C-1.12 23.318.408 32.622.465 41.65c.375 7.316.943 14.78 3.392 21.73 4.365 9.465 14.781 14.537 24.782 15.385 7.64.698 15.761-.213 22.517-4.026a54.1 54.1 0 0 0 .01-6.232c-6.855 1.316-14.101 2.609-21.049 1.074-3.883-.88-6.876-4.237-7.25-8.215-1.53-3.988 3.78-.43 5.584-.883 9.048 1.224 18.282.776 27.303-.462 7.044-.837 14.26-4.788 16.65-11.833 2.263-6.135 1.215-12.79 1.698-19.177.06-3.84.09-7.692-.262-11.52C72.596 7.844 63.223.981 53.834.684a219.453 219.453 0 0 0-16.022-.71zm11.294 12.882c5.5-.067 10.801 4.143 11.67 9.653.338 1.48.471 3 .471 4.515v21.088h-8.357c-.07-7.588.153-15.182-.131-22.765-.587-4.368-7.04-5.747-9.672-2.397-2.422 3.04-1.47 7.155-1.67 10.735v6.392h-8.307c-.146-4.996.359-10.045-.404-15.002-1.108-4.218-7.809-5.565-10.094-1.666-1.685 3.046-.712 6.634-.976 9.936v14.767h-8.354c.109-8.165-.238-16.344.215-24.5.674-5.346 5.095-10.389 10.676-10.627 4.902-.739 10.103 2.038 12.053 6.631.375 1.435 1.76 1.932 1.994.084 1.844-3.704 5.501-6.739 9.785-6.771.367-.044.735-.068 1.101-.073z\"\/><defs><linearGradient id=\"paint0_linear_549_34\" x1=\"37.0692\" y1=\"0\" x2=\"37.0692\" y2=\"79\" gradientUnits=\"userSpaceOnUse\"><stop stop-color=\"#6364FF\"\/><stop offset=\"1\" stop-color=\"#563ACC\"\/><\/linearGradient><\/defs><\/svg><\/span><span class=\"shariff-text\">share<\/span>&nbsp;<\/a><\/li><li class=\"shariff-button facebook shariff-nocustomcolor\" style=\"background-color:#4273c8\"><a href=\"https:\/\/www.facebook.com\/sharer\/sharer.php?u=https%3A%2F%2Fpartnerschaftsverein-adelebsen.de%2Fen%2Fder-verein%2Funsere-arbeit\" title=\"Share on Facebook\" aria-label=\"Share on Facebook\" role=\"button\" rel=\"nofollow\" class=\"shariff-link\" style=\"; background-color:#3b5998; color:#fff\" target=\"_blank\"><span class=\"shariff-icon\" style=\"\"><svg width=\"32px\" height=\"20px\" xmlns=\"http:\/\/www.w3.org\/2000\/svg\" viewBox=\"0 0 18 32\"><path fill=\"#3b5998\" d=\"M17.1 0.2v4.7h-2.8q-1.5 0-2.1 0.6t-0.5 1.9v3.4h5.2l-0.7 5.3h-4.5v13.6h-5.5v-13.6h-4.5v-5.3h4.5v-3.9q0-3.3 1.9-5.2t5-1.8q2.6 0 4.1 0.2z\"\/><\/svg><\/span><span class=\"shariff-text\">share<\/span>&nbsp;<\/a><\/li><li class=\"shariff-button linkedin shariff-nocustomcolor\" style=\"background-color:#1488bf\"><a href=\"https:\/\/www.linkedin.com\/sharing\/share-offsite\/?url=https%3A%2F%2Fpartnerschaftsverein-adelebsen.de%2Fen%2Fder-verein%2Funsere-arbeit\" title=\"Share on LinkedIn\" aria-label=\"Share on LinkedIn\" role=\"button\" rel=\"noopener nofollow\" class=\"shariff-link\" style=\"; background-color:#0077b5; color:#fff\" target=\"_blank\"><span class=\"shariff-icon\" style=\"\"><svg width=\"32px\" height=\"20px\" xmlns=\"http:\/\/www.w3.org\/2000\/svg\" viewBox=\"0 0 27 32\"><path fill=\"#0077b5\" d=\"M6.2 11.2v17.7h-5.9v-17.7h5.9zM6.6 5.7q0 1.3-0.9 2.2t-2.4 0.9h0q-1.5 0-2.4-0.9t-0.9-2.2 0.9-2.2 2.4-0.9 2.4 0.9 0.9 2.2zM27.4 18.7v10.1h-5.9v-9.5q0-1.9-0.7-2.9t-2.3-1.1q-1.1 0-1.9 0.6t-1.2 1.5q-0.2 0.5-0.2 1.4v9.9h-5.9q0-7.1 0-11.6t0-5.3l0-0.9h5.9v2.6h0q0.4-0.6 0.7-1t1-0.9 1.6-0.8 2-0.3q3 0 4.9 2t1.9 6z\"\/><\/svg><\/span><span class=\"shariff-text\">share<\/span>&nbsp;<\/a><\/li><li class=\"shariff-button info shariff-nocustomcolor\" style=\"background-color:#eee\"><a href=\"http:\/\/ct.de\/-2467514\" title=\"More information\" aria-label=\"More information\" role=\"button\" rel=\"noopener \" class=\"shariff-link\" style=\"; background-color:#fff; color:#fff\" target=\"_blank\"><span class=\"shariff-icon\" style=\"\"><svg width=\"32px\" height=\"20px\" xmlns=\"http:\/\/www.w3.org\/2000\/svg\" viewBox=\"0 0 11 32\"><path fill=\"#999\" d=\"M11.4 24v2.3q0 0.5-0.3 0.8t-0.8 0.4h-9.1q-0.5 0-0.8-0.4t-0.4-0.8v-2.3q0-0.5 0.4-0.8t0.8-0.4h1.1v-6.8h-1.1q-0.5 0-0.8-0.4t-0.4-0.8v-2.3q0-0.5 0.4-0.8t0.8-0.4h6.8q0.5 0 0.8 0.4t0.4 0.8v10.3h1.1q0.5 0 0.8 0.4t0.3 0.8zM9.2 3.4v3.4q0 0.5-0.4 0.8t-0.8 0.4h-4.6q-0.4 0-0.8-0.4t-0.4-0.8v-3.4q0-0.4 0.4-0.8t0.8-0.4h4.6q0.5 0 0.8 0.4t0.4 0.8z\"\/><\/svg><\/span><\/a><\/li><\/ul><\/div>","protected":false},"excerpt":{"rendered":"<p>Purpose of the Association (shortened by the Statute of the Charity Association): The association is an understanding between the peoples of the <a class=\"more-link\" href=\"https:\/\/partnerschaftsverein-adelebsen.de\/en\/der-verein\/unsere-arbeit\">weiterlesen&#8230;<\/a> <a class=\"more-link\" href=\"https:\/\/partnerschaftsverein-adelebsen.de\/en\/der-verein\/unsere-arbeit\">weiterlesen&#8230;<\/a><\/p>\n","protected":false},"author":2,"featured_media":0,"parent":69,"menu_order":0,"comment_status":"closed","ping_status":"closed","template":"","meta":{"footnotes":""},"class_list":["post-779","page","type-page","status-publish","hentry"],"yoast_head":"<!-- This site is optimized with the Yoast SEO plugin v27.4 - https:\/\/yoast.com\/product\/yoast-seo-wordpress\/ -->\n<title>Our work - Partnership Ostrowek, Wielun &amp; Adelebsen<\/title>\n<meta name=\"description\" content=\"Seiten zu deutsch-polnischen Themen und Nachrichten aus Wielu\u0144 und Adelebsen.\" \/>\n<meta name=\"robots\" content=\"index, follow, max-snippet:-1, max-image-preview:large, max-video-preview:-1\" \/>\n<link rel=\"canonical\" href=\"https:\/\/partnerschaftsverein-adelebsen.de\/en\/der-verein\/unsere-arbeit\" \/>\n<meta property=\"og:locale\" content=\"en_US\" \/>\n<meta property=\"og:type\" content=\"article\" \/>\n<meta property=\"og:title\" content=\"Our work - Partnership Ostrowek, Wielun &amp; Adelebsen\" \/>\n<meta property=\"og:description\" content=\"Seiten zu deutsch-polnischen Themen und Nachrichten aus Wielu\u0144 und Adelebsen.\" \/>\n<meta property=\"og:url\" content=\"https:\/\/partnerschaftsverein-adelebsen.de\/en\/der-verein\/unsere-arbeit\" \/>\n<meta property=\"og:site_name\" content=\"Partnership Ostrowek, Wielun &amp; Adelebsen\" \/>\n<meta property=\"article:publisher\" content=\"https:\/\/www.facebook.com\/groups\/Partnerschaftsverein.Adelebsen\/\" \/>\n<meta property=\"article:modified_time\" content=\"2019-03-26T07:46:18+00:00\" \/>\n<meta name=\"twitter:card\" content=\"summary_large_image\" \/>\n<meta name=\"twitter:label1\" content=\"Est. reading time\" \/>\n\t<meta name=\"twitter:data1\" content=\"7 minutes\" \/>\n<script type=\"application\/ld+json\" class=\"yoast-schema-graph\">{\"@context\":\"https:\\\/\\\/schema.org\",\"@graph\":[{\"@type\":\"WebPage\",\"@id\":\"https:\\\/\\\/partnerschaftsverein-adelebsen.de\\\/en\\\/der-verein\\\/unsere-arbeit\",\"url\":\"https:\\\/\\\/partnerschaftsverein-adelebsen.de\\\/en\\\/der-verein\\\/unsere-arbeit\",\"name\":\"Our work - Partnership Ostrowek, Wielun &amp; Adelebsen\",\"isPartOf\":{\"@id\":\"https:\\\/\\\/partnerschaftsverein-adelebsen.de\\\/en\\\/#website\"},\"datePublished\":\"2015-11-15T08:38:19+00:00\",\"dateModified\":\"2019-03-26T07:46:18+00:00\",\"description\":\"Seiten zu deutsch-polnischen Themen und Nachrichten aus Wielu\u0144 und Adelebsen.\",\"breadcrumb\":{\"@id\":\"https:\\\/\\\/partnerschaftsverein-adelebsen.de\\\/en\\\/der-verein\\\/unsere-arbeit#breadcrumb\"},\"inLanguage\":\"en-US\",\"potentialAction\":[{\"@type\":\"ReadAction\",\"target\":[[\"https:\\\/\\\/partnerschaftsverein-adelebsen.de\\\/en\\\/der-verein\\\/unsere-arbeit\"]]}]},{\"@type\":\"BreadcrumbList\",\"@id\":\"https:\\\/\\\/partnerschaftsverein-adelebsen.de\\\/en\\\/der-verein\\\/unsere-arbeit#breadcrumb\",\"itemListElement\":[{\"@type\":\"ListItem\",\"position\":1,\"name\":\"Startseite\",\"item\":\"https:\\\/\\\/partnerschaftsverein-adelebsen.de\\\/en\\\/\"},{\"@type\":\"ListItem\",\"position\":2,\"name\":\"The association\",\"item\":\"https:\\\/\\\/partnerschaftsverein-adelebsen.de\\\/en\\\/der-verein\"},{\"@type\":\"ListItem\",\"position\":3,\"name\":\"Our work\"}]},{\"@type\":\"WebSite\",\"@id\":\"https:\\\/\\\/partnerschaftsverein-adelebsen.de\\\/en\\\/#website\",\"url\":\"https:\\\/\\\/partnerschaftsverein-adelebsen.de\\\/en\\\/\",\"name\":\"Partnership Ostrowek, Wielun &amp; Adelebsen\",\"description\":\"Partnership association Adelebsen\",\"publisher\":{\"@id\":\"https:\\\/\\\/partnerschaftsverein-adelebsen.de\\\/en\\\/#organization\"},\"potentialAction\":[{\"@type\":\"SearchAction\",\"target\":{\"@type\":\"EntryPoint\",\"urlTemplate\":\"https:\\\/\\\/partnerschaftsverein-adelebsen.de\\\/en\\\/?s={search_term_string}\"},\"query-input\":{\"@type\":\"PropertyValueSpecification\",\"valueRequired\":true,\"valueName\":\"search_term_string\"}}],\"inLanguage\":\"en-US\"},{\"@type\":\"Organization\",\"@id\":\"https:\\\/\\\/partnerschaftsverein-adelebsen.de\\\/en\\\/#organization\",\"name\":\"F\u00f6rderverein der Partnerschaften Ostrowek, Wielun und Adelebsen e.V.\",\"url\":\"https:\\\/\\\/partnerschaftsverein-adelebsen.de\\\/en\\\/\",\"logo\":{\"@type\":\"ImageObject\",\"inLanguage\":\"en-US\",\"@id\":\"https:\\\/\\\/partnerschaftsverein-adelebsen.de\\\/en\\\/#\\\/schema\\\/logo\\\/image\\\/\",\"url\":\"https:\\\/\\\/partnerschaftsverein-adelebsen.de\\\/wp-content\\\/uploads\\\/2016\\\/08\\\/pv-logo-06.png\",\"contentUrl\":\"https:\\\/\\\/partnerschaftsverein-adelebsen.de\\\/wp-content\\\/uploads\\\/2016\\\/08\\\/pv-logo-06.png\",\"width\":544,\"height\":674,\"caption\":\"F\u00f6rderverein der Partnerschaften Ostrowek, Wielun und Adelebsen e.V.\"},\"image\":{\"@id\":\"https:\\\/\\\/partnerschaftsverein-adelebsen.de\\\/en\\\/#\\\/schema\\\/logo\\\/image\\\/\"},\"sameAs\":[\"https:\\\/\\\/www.facebook.com\\\/groups\\\/Partnerschaftsverein.Adelebsen\\\/\"]}]}<\/script>\n<!-- \/ Yoast SEO plugin. -->","yoast_head_json":{"title":"Our work - Partnership Ostrowek, Wielun &amp; Adelebsen","description":"Seiten zu deutsch-polnischen Themen und Nachrichten aus Wielu\u0144 und Adelebsen.","robots":{"index":"index","follow":"follow","max-snippet":"max-snippet:-1","max-image-preview":"max-image-preview:large","max-video-preview":"max-video-preview:-1"},"canonical":"https:\/\/partnerschaftsverein-adelebsen.de\/en\/der-verein\/unsere-arbeit","og_locale":"en_US","og_type":"article","og_title":"Our work - Partnership Ostrowek, Wielun &amp; Adelebsen","og_description":"Seiten zu deutsch-polnischen Themen und Nachrichten aus Wielu\u0144 und Adelebsen.","og_url":"https:\/\/partnerschaftsverein-adelebsen.de\/en\/der-verein\/unsere-arbeit","og_site_name":"Partnership Ostrowek, Wielun &amp; Adelebsen","article_publisher":"https:\/\/www.facebook.com\/groups\/Partnerschaftsverein.Adelebsen\/","article_modified_time":"2019-03-26T07:46:18+00:00","twitter_card":"summary_large_image","twitter_misc":{"Est. reading time":"7 minutes"},"schema":{"@context":"https:\/\/schema.org","@graph":[{"@type":"WebPage","@id":"https:\/\/partnerschaftsverein-adelebsen.de\/en\/der-verein\/unsere-arbeit","url":"https:\/\/partnerschaftsverein-adelebsen.de\/en\/der-verein\/unsere-arbeit","name":"Our work - Partnership Ostrowek, Wielun &amp; Adelebsen","isPartOf":{"@id":"https:\/\/partnerschaftsverein-adelebsen.de\/en\/#website"},"datePublished":"2015-11-15T08:38:19+00:00","dateModified":"2019-03-26T07:46:18+00:00","description":"Seiten zu deutsch-polnischen Themen und Nachrichten aus Wielu\u0144 und Adelebsen.","breadcrumb":{"@id":"https:\/\/partnerschaftsverein-adelebsen.de\/en\/der-verein\/unsere-arbeit#breadcrumb"},"inLanguage":"en-US","potentialAction":[{"@type":"ReadAction","target":[["https:\/\/partnerschaftsverein-adelebsen.de\/en\/der-verein\/unsere-arbeit"]]}]},{"@type":"BreadcrumbList","@id":"https:\/\/partnerschaftsverein-adelebsen.de\/en\/der-verein\/unsere-arbeit#breadcrumb","itemListElement":[{"@type":"ListItem","position":1,"name":"Startseite","item":"https:\/\/partnerschaftsverein-adelebsen.de\/en\/"},{"@type":"ListItem","position":2,"name":"The association","item":"https:\/\/partnerschaftsverein-adelebsen.de\/en\/der-verein"},{"@type":"ListItem","position":3,"name":"Our work"}]},{"@type":"WebSite","@id":"https:\/\/partnerschaftsverein-adelebsen.de\/en\/#website","url":"https:\/\/partnerschaftsverein-adelebsen.de\/en\/","name":"Partnership Ostrowek, Wielun &amp; Adelebsen","description":"Partnership association Adelebsen","publisher":{"@id":"https:\/\/partnerschaftsverein-adelebsen.de\/en\/#organization"},"potentialAction":[{"@type":"SearchAction","target":{"@type":"EntryPoint","urlTemplate":"https:\/\/partnerschaftsverein-adelebsen.de\/en\/?s={search_term_string}"},"query-input":{"@type":"PropertyValueSpecification","valueRequired":true,"valueName":"search_term_string"}}],"inLanguage":"en-US"},{"@type":"Organization","@id":"https:\/\/partnerschaftsverein-adelebsen.de\/en\/#organization","name":"F\u00f6rderverein der Partnerschaften Ostrowek, Wielun und Adelebsen e.V.","url":"https:\/\/partnerschaftsverein-adelebsen.de\/en\/","logo":{"@type":"ImageObject","inLanguage":"en-US","@id":"https:\/\/partnerschaftsverein-adelebsen.de\/en\/#\/schema\/logo\/image\/","url":"https:\/\/partnerschaftsverein-adelebsen.de\/wp-content\/uploads\/2016\/08\/pv-logo-06.png","contentUrl":"https:\/\/partnerschaftsverein-adelebsen.de\/wp-content\/uploads\/2016\/08\/pv-logo-06.png","width":544,"height":674,"caption":"F\u00f6rderverein der Partnerschaften Ostrowek, Wielun und Adelebsen e.V."},"image":{"@id":"https:\/\/partnerschaftsverein-adelebsen.de\/en\/#\/schema\/logo\/image\/"},"sameAs":["https:\/\/www.facebook.com\/groups\/Partnerschaftsverein.Adelebsen\/"]}]}},"_links":{"self":[{"href":"https:\/\/partnerschaftsverein-adelebsen.de\/en\/wp-json\/wp\/v2\/pages\/779","targetHints":{"allow":["GET"]}}],"collection":[{"href":"https:\/\/partnerschaftsverein-adelebsen.de\/en\/wp-json\/wp\/v2\/pages"}],"about":[{"href":"https:\/\/partnerschaftsverein-adelebsen.de\/en\/wp-json\/wp\/v2\/types\/page"}],"author":[{"embeddable":true,"href":"https:\/\/partnerschaftsverein-adelebsen.de\/en\/wp-json\/wp\/v2\/users\/2"}],"replies":[{"embeddable":true,"href":"https:\/\/partnerschaftsverein-adelebsen.de\/en\/wp-json\/wp\/v2\/comments?post=779"}],"version-history":[{"count":0,"href":"https:\/\/partnerschaftsverein-adelebsen.de\/en\/wp-json\/wp\/v2\/pages\/779\/revisions"}],"up":[{"embeddable":true,"href":"https:\/\/partnerschaftsverein-adelebsen.de\/en\/wp-json\/wp\/v2\/pages\/69"}],"wp:attachment":[{"href":"https:\/\/partnerschaftsverein-adelebsen.de\/en\/wp-json\/wp\/v2\/media?parent=779"}],"curies":[{"name":"wp","href":"https:\/\/api.w.org\/{rel}","templated":true}]}}