{"id":1044,"date":"2019-02-27T11:46:07","date_gmt":"2019-02-27T10:46:07","guid":{"rendered":"https:\/\/partnerschaftsverein-adelebsen.de\/?page_id=1044"},"modified":"2020-12-21T13:55:35","modified_gmt":"2020-12-21T12:55:35","slug":"cookie-policy","status":"publish","type":"page","link":"https:\/\/partnerschaftsverein-adelebsen.de\/pl\/impressum\/cookie-policy","title":{"rendered":"Dyrektywa w sprawie plik\u00f3w cookie"},"content":{"rendered":"<p><\/p>\n<p style=\"text-align: justify;\">Niekt\u00f3re z naszych stron internetowych wykorzystuj\u0105 tzw. cookies. Cookies nie uszkadzaj\u0105 komputera u\u017cytkownika i nie zawieraj\u0105 wirus\u00f3w. Cookies s\u0142u\u017c\u0105 do tego, aby nasza oferta by\u0142a bardziej przyjazna dla u\u017cytkownika, skuteczniejsza i bezpieczniejsza. Cookies to ma\u0142e pliki tekstowe, kt\u00f3re s\u0105 przechowywane na Pa\u0144stwa komputerze przez Pa\u0144stwa przegl\u0105dark\u0119.<\/p>\n<p style=\"text-align: justify;\">Wi\u0119kszo\u015b\u0107 u\u017cywanych przez nas plik\u00f3w cookie to tak zwane &#8222;cookies sesyjne&#8221;. S\u0105 one automatycznie usuwane po zako\u0144czeniu wizyty. Inne pliki cookie s\u0105 przechowywane na urz\u0105dzeniu ko\u0144cowym do momentu ich usuni\u0119cia. Te pliki cookie umo\u017cliwiaj\u0105 nam rozpoznanie przegl\u0105darki u\u017cytkownika podczas nast\u0119pnej wizyty.<\/p>\n<p style=\"text-align: justify;\">Mo\u017cesz tak ustawi\u0107 swoj\u0105 przegl\u0105dark\u0119, aby\u015b by\u0142 informowany o ustawieniach plik\u00f3w cookie i zezwala\u0142 na pliki cookie tylko w indywidualnych przypadkach, akceptowa\u0142 pliki cookie w okre\u015blonych przypadkach lub og\u00f3lnie wyklucza\u0142 je i w\u0142\u0105cza\u0142 automatyczne usuwanie plik\u00f3w cookie po zamkni\u0119ciu przegl\u0105darki. Je\u015bli pliki cookie s\u0105 wy\u0142\u0105czone, funkcjonalno\u015b\u0107 tej strony internetowej mo\u017ce by\u0107 ograniczona.<\/p>\n<p><\/p>","protected":false},"excerpt":{"rendered":"<p>Niekt\u00f3re z naszych stron internetowych wykorzystuj\u0105 tzw. cookies. Cookies nie uszkadzaj\u0105 komputera u\u017cytkownika i nie zawieraj\u0105 wirus\u00f3w. Cookies s\u0142u\u017c\u0105 do tego, aby <a class=\"more-link\" href=\"https:\/\/partnerschaftsverein-adelebsen.de\/pl\/impressum\/cookie-policy\">weiterlesen&#8230;<\/a><\/p>\n","protected":false},"author":2,"featured_media":0,"parent":41,"menu_order":0,"comment_status":"closed","ping_status":"closed","template":"","meta":{"footnotes":""},"class_list":["post-1044","page","type-page","status-publish","hentry"],"yoast_head":"<!-- This site is optimized with the Yoast SEO plugin v27.4 - https:\/\/yoast.com\/product\/yoast-seo-wordpress\/ -->\n<title>Dyrektywa w sprawie plik\u00f3w cookie - Partnerstwo Ostr\u00f3wek, Wielu\u0144 &amp; Adelebsen<\/title>\n<meta name=\"description\" content=\"Seiten zu deutsch-polnischen Themen und Nachrichten aus Wielu\u0144 und Adelebsen.\" \/>\n<meta name=\"robots\" content=\"index, follow, max-snippet:-1, max-image-preview:large, max-video-preview:-1\" \/>\n<link rel=\"canonical\" href=\"https:\/\/partnerschaftsverein-adelebsen.de\/pl\/impressum\/cookie-policy\" \/>\n<meta property=\"og:locale\" content=\"pl_PL\" \/>\n<meta property=\"og:type\" content=\"article\" \/>\n<meta property=\"og:title\" content=\"Dyrektywa w sprawie plik\u00f3w cookie - Partnerstwo Ostr\u00f3wek, Wielu\u0144 &amp; Adelebsen\" \/>\n<meta property=\"og:description\" content=\"Seiten zu deutsch-polnischen Themen und Nachrichten aus Wielu\u0144 und Adelebsen.\" \/>\n<meta property=\"og:url\" content=\"https:\/\/partnerschaftsverein-adelebsen.de\/pl\/impressum\/cookie-policy\" \/>\n<meta property=\"og:site_name\" content=\"Partnerstwo Ostr\u00f3wek, Wielu\u0144 &amp; Adelebsen\" \/>\n<meta property=\"article:publisher\" content=\"https:\/\/www.facebook.com\/groups\/Partnerschaftsverein.Adelebsen\/\" \/>\n<meta property=\"article:modified_time\" content=\"2020-12-21T12:55:35+00:00\" \/>\n<meta name=\"twitter:card\" content=\"summary_large_image\" \/>\n<meta name=\"twitter:label1\" content=\"Szacowany czas czytania\" \/>\n\t<meta name=\"twitter:data1\" content=\"2 minuty\" \/>\n<script type=\"application\/ld+json\" class=\"yoast-schema-graph\">{\"@context\":\"https:\\\/\\\/schema.org\",\"@graph\":[{\"@type\":\"WebPage\",\"@id\":\"https:\\\/\\\/partnerschaftsverein-adelebsen.de\\\/pl\\\/impressum\\\/cookie-policy\",\"url\":\"https:\\\/\\\/partnerschaftsverein-adelebsen.de\\\/pl\\\/impressum\\\/cookie-policy\",\"name\":\"Dyrektywa w sprawie plik\u00f3w cookie - Partnerstwo Ostr\u00f3wek, Wielu\u0144 &amp; Adelebsen\",\"isPartOf\":{\"@id\":\"https:\\\/\\\/partnerschaftsverein-adelebsen.de\\\/pl\\\/#website\"},\"datePublished\":\"2019-02-27T10:46:07+00:00\",\"dateModified\":\"2020-12-21T12:55:35+00:00\",\"description\":\"Seiten zu deutsch-polnischen Themen und Nachrichten aus Wielu\u0144 und Adelebsen.\",\"breadcrumb\":{\"@id\":\"https:\\\/\\\/partnerschaftsverein-adelebsen.de\\\/pl\\\/impressum\\\/cookie-policy#breadcrumb\"},\"inLanguage\":\"pl-PL\",\"potentialAction\":[{\"@type\":\"ReadAction\",\"target\":[[\"https:\\\/\\\/partnerschaftsverein-adelebsen.de\\\/pl\\\/impressum\\\/cookie-policy\"]]}]},{\"@type\":\"BreadcrumbList\",\"@id\":\"https:\\\/\\\/partnerschaftsverein-adelebsen.de\\\/pl\\\/impressum\\\/cookie-policy#breadcrumb\",\"itemListElement\":[{\"@type\":\"ListItem\",\"position\":1,\"name\":\"Startseite\",\"item\":\"https:\\\/\\\/partnerschaftsverein-adelebsen.de\\\/pl\\\/\"},{\"@type\":\"ListItem\",\"position\":2,\"name\":\"Impressum\",\"item\":\"https:\\\/\\\/partnerschaftsverein-adelebsen.de\\\/pl\\\/impressum\"},{\"@type\":\"ListItem\",\"position\":3,\"name\":\"Dyrektywa w sprawie plik\u00f3w cookie\"}]},{\"@type\":\"WebSite\",\"@id\":\"https:\\\/\\\/partnerschaftsverein-adelebsen.de\\\/pl\\\/#website\",\"url\":\"https:\\\/\\\/partnerschaftsverein-adelebsen.de\\\/pl\\\/\",\"name\":\"Partnerstwo Ostr\u00f3wek, Wielu\u0144 &amp; Adelebsen\",\"description\":\"Stowarzyszenie partnerskie Adelebsen\",\"publisher\":{\"@id\":\"https:\\\/\\\/partnerschaftsverein-adelebsen.de\\\/pl\\\/#organization\"},\"potentialAction\":[{\"@type\":\"SearchAction\",\"target\":{\"@type\":\"EntryPoint\",\"urlTemplate\":\"https:\\\/\\\/partnerschaftsverein-adelebsen.de\\\/pl\\\/?s={search_term_string}\"},\"query-input\":{\"@type\":\"PropertyValueSpecification\",\"valueRequired\":true,\"valueName\":\"search_term_string\"}}],\"inLanguage\":\"pl-PL\"},{\"@type\":\"Organization\",\"@id\":\"https:\\\/\\\/partnerschaftsverein-adelebsen.de\\\/pl\\\/#organization\",\"name\":\"F\u00f6rderverein der Partnerschaften Ostrowek, Wielun und Adelebsen e.V.\",\"url\":\"https:\\\/\\\/partnerschaftsverein-adelebsen.de\\\/pl\\\/\",\"logo\":{\"@type\":\"ImageObject\",\"inLanguage\":\"pl-PL\",\"@id\":\"https:\\\/\\\/partnerschaftsverein-adelebsen.de\\\/pl\\\/#\\\/schema\\\/logo\\\/image\\\/\",\"url\":\"https:\\\/\\\/partnerschaftsverein-adelebsen.de\\\/wp-content\\\/uploads\\\/2016\\\/08\\\/pv-logo-06.png\",\"contentUrl\":\"https:\\\/\\\/partnerschaftsverein-adelebsen.de\\\/wp-content\\\/uploads\\\/2016\\\/08\\\/pv-logo-06.png\",\"width\":544,\"height\":674,\"caption\":\"F\u00f6rderverein der Partnerschaften Ostrowek, Wielun und Adelebsen e.V.\"},\"image\":{\"@id\":\"https:\\\/\\\/partnerschaftsverein-adelebsen.de\\\/pl\\\/#\\\/schema\\\/logo\\\/image\\\/\"},\"sameAs\":[\"https:\\\/\\\/www.facebook.com\\\/groups\\\/Partnerschaftsverein.Adelebsen\\\/\"]}]}<\/script>\n<!-- \/ Yoast SEO plugin. -->","yoast_head_json":{"title":"Dyrektywa w sprawie plik\u00f3w cookie - Partnerstwo Ostr\u00f3wek, Wielu\u0144 &amp; Adelebsen","description":"Seiten zu deutsch-polnischen Themen und Nachrichten aus Wielu\u0144 und Adelebsen.","robots":{"index":"index","follow":"follow","max-snippet":"max-snippet:-1","max-image-preview":"max-image-preview:large","max-video-preview":"max-video-preview:-1"},"canonical":"https:\/\/partnerschaftsverein-adelebsen.de\/pl\/impressum\/cookie-policy","og_locale":"pl_PL","og_type":"article","og_title":"Dyrektywa w sprawie plik\u00f3w cookie - Partnerstwo Ostr\u00f3wek, Wielu\u0144 &amp; Adelebsen","og_description":"Seiten zu deutsch-polnischen Themen und Nachrichten aus Wielu\u0144 und Adelebsen.","og_url":"https:\/\/partnerschaftsverein-adelebsen.de\/pl\/impressum\/cookie-policy","og_site_name":"Partnerstwo Ostr\u00f3wek, Wielu\u0144 &amp; Adelebsen","article_publisher":"https:\/\/www.facebook.com\/groups\/Partnerschaftsverein.Adelebsen\/","article_modified_time":"2020-12-21T12:55:35+00:00","twitter_card":"summary_large_image","twitter_misc":{"Szacowany czas czytania":"2 minuty"},"schema":{"@context":"https:\/\/schema.org","@graph":[{"@type":"WebPage","@id":"https:\/\/partnerschaftsverein-adelebsen.de\/pl\/impressum\/cookie-policy","url":"https:\/\/partnerschaftsverein-adelebsen.de\/pl\/impressum\/cookie-policy","name":"Dyrektywa w sprawie plik\u00f3w cookie - Partnerstwo Ostr\u00f3wek, Wielu\u0144 &amp; Adelebsen","isPartOf":{"@id":"https:\/\/partnerschaftsverein-adelebsen.de\/pl\/#website"},"datePublished":"2019-02-27T10:46:07+00:00","dateModified":"2020-12-21T12:55:35+00:00","description":"Seiten zu deutsch-polnischen Themen und Nachrichten aus Wielu\u0144 und Adelebsen.","breadcrumb":{"@id":"https:\/\/partnerschaftsverein-adelebsen.de\/pl\/impressum\/cookie-policy#breadcrumb"},"inLanguage":"pl-PL","potentialAction":[{"@type":"ReadAction","target":[["https:\/\/partnerschaftsverein-adelebsen.de\/pl\/impressum\/cookie-policy"]]}]},{"@type":"BreadcrumbList","@id":"https:\/\/partnerschaftsverein-adelebsen.de\/pl\/impressum\/cookie-policy#breadcrumb","itemListElement":[{"@type":"ListItem","position":1,"name":"Startseite","item":"https:\/\/partnerschaftsverein-adelebsen.de\/pl\/"},{"@type":"ListItem","position":2,"name":"Impressum","item":"https:\/\/partnerschaftsverein-adelebsen.de\/pl\/impressum"},{"@type":"ListItem","position":3,"name":"Dyrektywa w sprawie plik\u00f3w cookie"}]},{"@type":"WebSite","@id":"https:\/\/partnerschaftsverein-adelebsen.de\/pl\/#website","url":"https:\/\/partnerschaftsverein-adelebsen.de\/pl\/","name":"Partnerstwo Ostr\u00f3wek, Wielu\u0144 &amp; Adelebsen","description":"Stowarzyszenie partnerskie Adelebsen","publisher":{"@id":"https:\/\/partnerschaftsverein-adelebsen.de\/pl\/#organization"},"potentialAction":[{"@type":"SearchAction","target":{"@type":"EntryPoint","urlTemplate":"https:\/\/partnerschaftsverein-adelebsen.de\/pl\/?s={search_term_string}"},"query-input":{"@type":"PropertyValueSpecification","valueRequired":true,"valueName":"search_term_string"}}],"inLanguage":"pl-PL"},{"@type":"Organization","@id":"https:\/\/partnerschaftsverein-adelebsen.de\/pl\/#organization","name":"F\u00f6rderverein der Partnerschaften Ostrowek, Wielun und Adelebsen e.V.","url":"https:\/\/partnerschaftsverein-adelebsen.de\/pl\/","logo":{"@type":"ImageObject","inLanguage":"pl-PL","@id":"https:\/\/partnerschaftsverein-adelebsen.de\/pl\/#\/schema\/logo\/image\/","url":"https:\/\/partnerschaftsverein-adelebsen.de\/wp-content\/uploads\/2016\/08\/pv-logo-06.png","contentUrl":"https:\/\/partnerschaftsverein-adelebsen.de\/wp-content\/uploads\/2016\/08\/pv-logo-06.png","width":544,"height":674,"caption":"F\u00f6rderverein der Partnerschaften Ostrowek, Wielun und Adelebsen e.V."},"image":{"@id":"https:\/\/partnerschaftsverein-adelebsen.de\/pl\/#\/schema\/logo\/image\/"},"sameAs":["https:\/\/www.facebook.com\/groups\/Partnerschaftsverein.Adelebsen\/"]}]}},"_links":{"self":[{"href":"https:\/\/partnerschaftsverein-adelebsen.de\/pl\/wp-json\/wp\/v2\/pages\/1044","targetHints":{"allow":["GET"]}}],"collection":[{"href":"https:\/\/partnerschaftsverein-adelebsen.de\/pl\/wp-json\/wp\/v2\/pages"}],"about":[{"href":"https:\/\/partnerschaftsverein-adelebsen.de\/pl\/wp-json\/wp\/v2\/types\/page"}],"author":[{"embeddable":true,"href":"https:\/\/partnerschaftsverein-adelebsen.de\/pl\/wp-json\/wp\/v2\/users\/2"}],"replies":[{"embeddable":true,"href":"https:\/\/partnerschaftsverein-adelebsen.de\/pl\/wp-json\/wp\/v2\/comments?post=1044"}],"version-history":[{"count":0,"href":"https:\/\/partnerschaftsverein-adelebsen.de\/pl\/wp-json\/wp\/v2\/pages\/1044\/revisions"}],"up":[{"embeddable":true,"href":"https:\/\/partnerschaftsverein-adelebsen.de\/pl\/wp-json\/wp\/v2\/pages\/41"}],"wp:attachment":[{"href":"https:\/\/partnerschaftsverein-adelebsen.de\/pl\/wp-json\/wp\/v2\/media?parent=1044"}],"curies":[{"name":"wp","href":"https:\/\/api.w.org\/{rel}","templated":true}]}}