{"id":41,"date":"2015-11-15T13:39:39","date_gmt":"2015-11-15T12:39:39","guid":{"rendered":"http:\/\/pv-wp.barterode.de\/?page_id=41"},"modified":"2025-11-18T14:35:09","modified_gmt":"2025-11-18T13:35:09","slug":"impressum","status":"publish","type":"page","link":"https:\/\/partnerschaftsverein-adelebsen.de\/pl\/impressum","title":{"rendered":"Impressum"},"content":{"rendered":"<p><strong>Wydane w imieniu<\/strong><br \/>\n<strong>F\u00f6rderverein der Partnerschaften Ostr\u00f3wek, Wielu\u0144 und Adelebsen e. V.<\/strong><\/p>\n<p><em><a href=\"https:\/\/partnerschaftsverein-adelebsen.de\/\">partnerschaftsverein-adelebsen.de<\/a> \/ <a href=\"http:\/\/pv-adelebsen.de\/\">pv-adelebsen.de<\/a><\/em> <img loading=\"lazy\" decoding=\"async\" class=\"size-thumbnail wp-image-485284 alignright\" src=\"https:\/\/partnerschaftsverein-adelebsen.de\/wp-content\/uploads\/2021\/02\/qrcode_partnerschaftsverein-adelebsen.de_-150x150.png\" alt=\"\" width=\"150\" height=\"150\" srcset=\"https:\/\/partnerschaftsverein-adelebsen.de\/wp-content\/uploads\/2021\/02\/qrcode_partnerschaftsverein-adelebsen.de_-150x150.png 150w, https:\/\/partnerschaftsverein-adelebsen.de\/wp-content\/uploads\/2021\/02\/qrcode_partnerschaftsverein-adelebsen.de_-300x300.png 300w, https:\/\/partnerschaftsverein-adelebsen.de\/wp-content\/uploads\/2021\/02\/qrcode_partnerschaftsverein-adelebsen.de_-200x200.png 200w, https:\/\/partnerschaftsverein-adelebsen.de\/wp-content\/uploads\/2021\/02\/qrcode_partnerschaftsverein-adelebsen.de_.png 370w\" sizes=\"auto, (max-width: 150px) 100vw, 150px\" \/><\/p>\n<p>Odpowiedzialny za tre\u015b\u0107 zgodnie z \u00a7 5 niemieckiej Telemedia ustawy (TMG) oraz artyku\u0142 13 RODO:<br \/>\nChristian Wolters (1 Przewodnicz\u0105cy)<br \/>\n37139 Adelebsen, Tel. +49 (0) 5506 999 933<br \/>\nEmail: <a href=\"mailto:v&#111;&#114;&#115;&#116;an&#100;&#64;p&#118;-adele&#98;s&#101;n.&#100;&#101;\">&#118;&#111;r&#115;t&#97;nd&#64;p&#118;&#45;&#97;deleb&#115;e&#110;&#46;&#100;e<\/a><\/p>\n<p>Zarejestrowane stowarzyszenie w s\u0105dzie rejonowym w Getyndze pod numerem rejestru stowarzysze\u0144: VR 2506<br \/>\nStatus non-profit uznany przez Urz\u0105d Skarbowy w Getyndze pod numerem podatkowym: 20\/206\/18340<br \/>\nBieganie. Nr z listy uprzywilejowanych podatkowo sp\u00f3\u0142ek: 1834<\/p>\n<p>Redakcja:<br \/>\nE-mail: <a href=\"mailto:e&#100;&#97;&#107;&#116;&#105;&#111;n&#64;&#112;&#118;-ad&#101;&#108;eb&#115;&#101;n&#46;&#100;&#101;\">ed&#97;k&#116;&#105;&#111;n&#64;pv&#45;&#97;&#100;&#101;&#108;eb&#115;&#101;n&#46;&#100;e<\/a><\/p>\n<p>webmaster:<br \/>\nE-mail: <a href=\"mailto:&#119;&#101;bma&#115;&#116;&#101;r&#64;&#112;&#118;&#45;&#97;&#100;e&#108;&#101;bse&#110;&#46;de\">w&#101;&#98;&#109;&#97;&#115;&#116;e&#114;&#64;pv-&#97;del&#101;b&#115;e&#110;&#46;&#100;e<\/a><\/p>\n<p>Odpowiedzialny za prezentacj\u0119 inne organizacje maj\u0105 ich dyrektor\u00f3w,&nbsp;reprezentowana przez Przewodnicz\u0105cego. Stowarzyszenie bli\u017aniaczej nie ponosi odpowiedzialno\u015bci za tre\u015b\u0107&nbsp;zewn\u0119trznie zwi\u0105zane stron.<\/p>\n<p>Odniesienie:<br \/>\nZdj\u0119cia zosta\u0142y dostarczone przez cz\u0142onk\u00f3w stowarzyszenia lub zosta\u0142y zaczerpni\u0119te z Wikimedia Commons.<\/p>\n<p>Dzi\u0119kujemy wszystkim, kt\u00f3rzy dostarczyli zdj\u0119\u0107 i informacji na stronie g\u0142\u00f3wnej.<\/p>\n<p>I tu jeste\u015bmy zbyt:<br \/>\n<a href=\"https:\/\/www.facebook.com\/groups\/Partnerschaftsverein.Adelebsen\/\" target=\"_blank\" rel=\"noopener noreferrer\">facebook.com\/groups\/Partnerschaftsverein.Adelebsen<\/a><br \/>\n<a href=\"mailto:&#80;art&#110;er&#115;&#99;ha&#102;&#116;&#115;&#118;&#101;&#114;&#101;in&#46;&#65;del&#101;bsen&#64;gr&#111;u&#112;s&#46;&#102;&#97;cebo&#111;k&#46;&#99;o&#109;\">P&#97;&#114;t&#110;&#101;&#114;s&#99;&#104;a&#102;ts&#118;&#101;re&#105;&#110;&#46;A&#100;&#101;&#108;e&#98;se&#110;&#64;&#103;&#114;o&#117;ps.fa&#99;&#101;&#98;ook&#46;&#99;om<\/a><\/p>\n<p>Planowana jest zamkni\u0119ta grupa facebookowa, kt\u00f3ra b\u0119dzie oferowa\u0107 aktywnym cz\u0142onkom naszego partnerstwa mo\u017cliwo\u015b\u0107 wymiany informacji osobowych i zawodowych.<\/p>","protected":false},"excerpt":{"rendered":"<p>Wydane w imieniu F\u00f6rderverein der Partnerschaften Ostr\u00f3wek, Wielu\u0144 und Adelebsen e. V. partnerschaftsverein-adelebsen.de \/ pv-adelebsen.de Odpowiedzialny za tre\u015b\u0107 zgodnie z \u00a7 5 <a class=\"more-link\" href=\"https:\/\/partnerschaftsverein-adelebsen.de\/pl\/impressum\">weiterlesen&#8230;<\/a> <a class=\"more-link\" href=\"https:\/\/partnerschaftsverein-adelebsen.de\/pl\/impressum\">weiterlesen&#8230;<\/a><\/p>\n","protected":false},"author":2,"featured_media":0,"parent":0,"menu_order":4,"comment_status":"closed","ping_status":"closed","template":"","meta":{"footnotes":""},"class_list":["post-41","page","type-page","status-publish","hentry"],"yoast_head":"<!-- This site is optimized with the Yoast SEO plugin v27.4 - https:\/\/yoast.com\/product\/yoast-seo-wordpress\/ -->\n<title>Impressum - Partnerstwo Ostr\u00f3wek, Wielu\u0144 &amp; Adelebsen<\/title>\n<meta name=\"description\" content=\"Seiten zu deutsch-polnischen Themen und Nachrichten aus Wielu\u0144 und Adelebsen.\" \/>\n<meta name=\"robots\" content=\"index, follow, max-snippet:-1, max-image-preview:large, max-video-preview:-1\" \/>\n<link rel=\"canonical\" href=\"https:\/\/partnerschaftsverein-adelebsen.de\/pl\/impressum\" \/>\n<meta property=\"og:locale\" content=\"pl_PL\" \/>\n<meta property=\"og:type\" content=\"article\" \/>\n<meta property=\"og:title\" content=\"Impressum - Partnerstwo Ostr\u00f3wek, Wielu\u0144 &amp; Adelebsen\" \/>\n<meta property=\"og:description\" content=\"Seiten zu deutsch-polnischen Themen und Nachrichten aus Wielu\u0144 und Adelebsen.\" \/>\n<meta property=\"og:url\" content=\"https:\/\/partnerschaftsverein-adelebsen.de\/pl\/impressum\" \/>\n<meta property=\"og:site_name\" content=\"Partnerstwo Ostr\u00f3wek, Wielu\u0144 &amp; Adelebsen\" \/>\n<meta property=\"article:publisher\" content=\"https:\/\/www.facebook.com\/groups\/Partnerschaftsverein.Adelebsen\/\" \/>\n<meta property=\"article:modified_time\" content=\"2025-11-18T13:35:09+00:00\" \/>\n<meta property=\"og:image\" content=\"https:\/\/partnerschaftsverein-adelebsen.de\/wp-content\/uploads\/2021\/02\/qrcode_partnerschaftsverein-adelebsen.de_-150x150.png\" \/>\n<meta name=\"twitter:card\" content=\"summary_large_image\" \/>\n<meta name=\"twitter:label1\" content=\"Szacowany czas czytania\" \/>\n\t<meta name=\"twitter:data1\" content=\"2 minuty\" \/>\n<script type=\"application\/ld+json\" class=\"yoast-schema-graph\">{\"@context\":\"https:\\\/\\\/schema.org\",\"@graph\":[{\"@type\":\"WebPage\",\"@id\":\"https:\\\/\\\/partnerschaftsverein-adelebsen.de\\\/pl\\\/impressum\",\"url\":\"https:\\\/\\\/partnerschaftsverein-adelebsen.de\\\/pl\\\/impressum\",\"name\":\"Impressum - Partnerstwo Ostr\u00f3wek, Wielu\u0144 &amp; Adelebsen\",\"isPartOf\":{\"@id\":\"https:\\\/\\\/partnerschaftsverein-adelebsen.de\\\/pl\\\/#website\"},\"primaryImageOfPage\":{\"@id\":\"https:\\\/\\\/partnerschaftsverein-adelebsen.de\\\/pl\\\/impressum#primaryimage\"},\"image\":{\"@id\":\"https:\\\/\\\/partnerschaftsverein-adelebsen.de\\\/pl\\\/impressum#primaryimage\"},\"thumbnailUrl\":\"https:\\\/\\\/partnerschaftsverein-adelebsen.de\\\/wp-content\\\/uploads\\\/2021\\\/02\\\/qrcode_partnerschaftsverein-adelebsen.de_-150x150.png\",\"datePublished\":\"2015-11-15T12:39:39+00:00\",\"dateModified\":\"2025-11-18T13:35:09+00:00\",\"description\":\"Seiten zu deutsch-polnischen Themen und Nachrichten aus Wielu\u0144 und Adelebsen.\",\"breadcrumb\":{\"@id\":\"https:\\\/\\\/partnerschaftsverein-adelebsen.de\\\/pl\\\/impressum#breadcrumb\"},\"inLanguage\":\"pl-PL\",\"potentialAction\":[{\"@type\":\"ReadAction\",\"target\":[[\"https:\\\/\\\/partnerschaftsverein-adelebsen.de\\\/pl\\\/impressum\"]]}]},{\"@type\":\"ImageObject\",\"inLanguage\":\"pl-PL\",\"@id\":\"https:\\\/\\\/partnerschaftsverein-adelebsen.de\\\/pl\\\/impressum#primaryimage\",\"url\":\"https:\\\/\\\/partnerschaftsverein-adelebsen.de\\\/wp-content\\\/uploads\\\/2021\\\/02\\\/qrcode_partnerschaftsverein-adelebsen.de_-150x150.png\",\"contentUrl\":\"https:\\\/\\\/partnerschaftsverein-adelebsen.de\\\/wp-content\\\/uploads\\\/2021\\\/02\\\/qrcode_partnerschaftsverein-adelebsen.de_-150x150.png\"},{\"@type\":\"BreadcrumbList\",\"@id\":\"https:\\\/\\\/partnerschaftsverein-adelebsen.de\\\/pl\\\/impressum#breadcrumb\",\"itemListElement\":[{\"@type\":\"ListItem\",\"position\":1,\"name\":\"Startseite\",\"item\":\"https:\\\/\\\/partnerschaftsverein-adelebsen.de\\\/pl\\\/\"},{\"@type\":\"ListItem\",\"position\":2,\"name\":\"Impressum\"}]},{\"@type\":\"WebSite\",\"@id\":\"https:\\\/\\\/partnerschaftsverein-adelebsen.de\\\/pl\\\/#website\",\"url\":\"https:\\\/\\\/partnerschaftsverein-adelebsen.de\\\/pl\\\/\",\"name\":\"Partnerstwo Ostr\u00f3wek, Wielu\u0144 &amp; Adelebsen\",\"description\":\"Stowarzyszenie partnerskie Adelebsen\",\"publisher\":{\"@id\":\"https:\\\/\\\/partnerschaftsverein-adelebsen.de\\\/pl\\\/#organization\"},\"potentialAction\":[{\"@type\":\"SearchAction\",\"target\":{\"@type\":\"EntryPoint\",\"urlTemplate\":\"https:\\\/\\\/partnerschaftsverein-adelebsen.de\\\/pl\\\/?s={search_term_string}\"},\"query-input\":{\"@type\":\"PropertyValueSpecification\",\"valueRequired\":true,\"valueName\":\"search_term_string\"}}],\"inLanguage\":\"pl-PL\"},{\"@type\":\"Organization\",\"@id\":\"https:\\\/\\\/partnerschaftsverein-adelebsen.de\\\/pl\\\/#organization\",\"name\":\"F\u00f6rderverein der Partnerschaften Ostrowek, Wielun und Adelebsen e.V.\",\"url\":\"https:\\\/\\\/partnerschaftsverein-adelebsen.de\\\/pl\\\/\",\"logo\":{\"@type\":\"ImageObject\",\"inLanguage\":\"pl-PL\",\"@id\":\"https:\\\/\\\/partnerschaftsverein-adelebsen.de\\\/pl\\\/#\\\/schema\\\/logo\\\/image\\\/\",\"url\":\"https:\\\/\\\/partnerschaftsverein-adelebsen.de\\\/wp-content\\\/uploads\\\/2016\\\/08\\\/pv-logo-06.png\",\"contentUrl\":\"https:\\\/\\\/partnerschaftsverein-adelebsen.de\\\/wp-content\\\/uploads\\\/2016\\\/08\\\/pv-logo-06.png\",\"width\":544,\"height\":674,\"caption\":\"F\u00f6rderverein der Partnerschaften Ostrowek, Wielun und Adelebsen e.V.\"},\"image\":{\"@id\":\"https:\\\/\\\/partnerschaftsverein-adelebsen.de\\\/pl\\\/#\\\/schema\\\/logo\\\/image\\\/\"},\"sameAs\":[\"https:\\\/\\\/www.facebook.com\\\/groups\\\/Partnerschaftsverein.Adelebsen\\\/\"]}]}<\/script>\n<!-- \/ Yoast SEO plugin. -->","yoast_head_json":{"title":"Impressum - Partnerstwo Ostr\u00f3wek, Wielu\u0144 &amp; Adelebsen","description":"Seiten zu deutsch-polnischen Themen und Nachrichten aus Wielu\u0144 und Adelebsen.","robots":{"index":"index","follow":"follow","max-snippet":"max-snippet:-1","max-image-preview":"max-image-preview:large","max-video-preview":"max-video-preview:-1"},"canonical":"https:\/\/partnerschaftsverein-adelebsen.de\/pl\/impressum","og_locale":"pl_PL","og_type":"article","og_title":"Impressum - Partnerstwo Ostr\u00f3wek, Wielu\u0144 &amp; Adelebsen","og_description":"Seiten zu deutsch-polnischen Themen und Nachrichten aus Wielu\u0144 und Adelebsen.","og_url":"https:\/\/partnerschaftsverein-adelebsen.de\/pl\/impressum","og_site_name":"Partnerstwo Ostr\u00f3wek, Wielu\u0144 &amp; Adelebsen","article_publisher":"https:\/\/www.facebook.com\/groups\/Partnerschaftsverein.Adelebsen\/","article_modified_time":"2025-11-18T13:35:09+00:00","og_image":[{"url":"https:\/\/partnerschaftsverein-adelebsen.de\/wp-content\/uploads\/2021\/02\/qrcode_partnerschaftsverein-adelebsen.de_-150x150.png","type":"","width":"","height":""}],"twitter_card":"summary_large_image","twitter_misc":{"Szacowany czas czytania":"2 minuty"},"schema":{"@context":"https:\/\/schema.org","@graph":[{"@type":"WebPage","@id":"https:\/\/partnerschaftsverein-adelebsen.de\/pl\/impressum","url":"https:\/\/partnerschaftsverein-adelebsen.de\/pl\/impressum","name":"Impressum - Partnerstwo Ostr\u00f3wek, Wielu\u0144 &amp; Adelebsen","isPartOf":{"@id":"https:\/\/partnerschaftsverein-adelebsen.de\/pl\/#website"},"primaryImageOfPage":{"@id":"https:\/\/partnerschaftsverein-adelebsen.de\/pl\/impressum#primaryimage"},"image":{"@id":"https:\/\/partnerschaftsverein-adelebsen.de\/pl\/impressum#primaryimage"},"thumbnailUrl":"https:\/\/partnerschaftsverein-adelebsen.de\/wp-content\/uploads\/2021\/02\/qrcode_partnerschaftsverein-adelebsen.de_-150x150.png","datePublished":"2015-11-15T12:39:39+00:00","dateModified":"2025-11-18T13:35:09+00:00","description":"Seiten zu deutsch-polnischen Themen und Nachrichten aus Wielu\u0144 und Adelebsen.","breadcrumb":{"@id":"https:\/\/partnerschaftsverein-adelebsen.de\/pl\/impressum#breadcrumb"},"inLanguage":"pl-PL","potentialAction":[{"@type":"ReadAction","target":[["https:\/\/partnerschaftsverein-adelebsen.de\/pl\/impressum"]]}]},{"@type":"ImageObject","inLanguage":"pl-PL","@id":"https:\/\/partnerschaftsverein-adelebsen.de\/pl\/impressum#primaryimage","url":"https:\/\/partnerschaftsverein-adelebsen.de\/wp-content\/uploads\/2021\/02\/qrcode_partnerschaftsverein-adelebsen.de_-150x150.png","contentUrl":"https:\/\/partnerschaftsverein-adelebsen.de\/wp-content\/uploads\/2021\/02\/qrcode_partnerschaftsverein-adelebsen.de_-150x150.png"},{"@type":"BreadcrumbList","@id":"https:\/\/partnerschaftsverein-adelebsen.de\/pl\/impressum#breadcrumb","itemListElement":[{"@type":"ListItem","position":1,"name":"Startseite","item":"https:\/\/partnerschaftsverein-adelebsen.de\/pl\/"},{"@type":"ListItem","position":2,"name":"Impressum"}]},{"@type":"WebSite","@id":"https:\/\/partnerschaftsverein-adelebsen.de\/pl\/#website","url":"https:\/\/partnerschaftsverein-adelebsen.de\/pl\/","name":"Partnerstwo Ostr\u00f3wek, Wielu\u0144 &amp; Adelebsen","description":"Stowarzyszenie partnerskie Adelebsen","publisher":{"@id":"https:\/\/partnerschaftsverein-adelebsen.de\/pl\/#organization"},"potentialAction":[{"@type":"SearchAction","target":{"@type":"EntryPoint","urlTemplate":"https:\/\/partnerschaftsverein-adelebsen.de\/pl\/?s={search_term_string}"},"query-input":{"@type":"PropertyValueSpecification","valueRequired":true,"valueName":"search_term_string"}}],"inLanguage":"pl-PL"},{"@type":"Organization","@id":"https:\/\/partnerschaftsverein-adelebsen.de\/pl\/#organization","name":"F\u00f6rderverein der Partnerschaften Ostrowek, Wielun und Adelebsen e.V.","url":"https:\/\/partnerschaftsverein-adelebsen.de\/pl\/","logo":{"@type":"ImageObject","inLanguage":"pl-PL","@id":"https:\/\/partnerschaftsverein-adelebsen.de\/pl\/#\/schema\/logo\/image\/","url":"https:\/\/partnerschaftsverein-adelebsen.de\/wp-content\/uploads\/2016\/08\/pv-logo-06.png","contentUrl":"https:\/\/partnerschaftsverein-adelebsen.de\/wp-content\/uploads\/2016\/08\/pv-logo-06.png","width":544,"height":674,"caption":"F\u00f6rderverein der Partnerschaften Ostrowek, Wielun und Adelebsen e.V."},"image":{"@id":"https:\/\/partnerschaftsverein-adelebsen.de\/pl\/#\/schema\/logo\/image\/"},"sameAs":["https:\/\/www.facebook.com\/groups\/Partnerschaftsverein.Adelebsen\/"]}]}},"_links":{"self":[{"href":"https:\/\/partnerschaftsverein-adelebsen.de\/pl\/wp-json\/wp\/v2\/pages\/41","targetHints":{"allow":["GET"]}}],"collection":[{"href":"https:\/\/partnerschaftsverein-adelebsen.de\/pl\/wp-json\/wp\/v2\/pages"}],"about":[{"href":"https:\/\/partnerschaftsverein-adelebsen.de\/pl\/wp-json\/wp\/v2\/types\/page"}],"author":[{"embeddable":true,"href":"https:\/\/partnerschaftsverein-adelebsen.de\/pl\/wp-json\/wp\/v2\/users\/2"}],"replies":[{"embeddable":true,"href":"https:\/\/partnerschaftsverein-adelebsen.de\/pl\/wp-json\/wp\/v2\/comments?post=41"}],"version-history":[{"count":1,"href":"https:\/\/partnerschaftsverein-adelebsen.de\/pl\/wp-json\/wp\/v2\/pages\/41\/revisions"}],"predecessor-version":[{"id":1835875,"href":"https:\/\/partnerschaftsverein-adelebsen.de\/pl\/wp-json\/wp\/v2\/pages\/41\/revisions\/1835875"}],"wp:attachment":[{"href":"https:\/\/partnerschaftsverein-adelebsen.de\/pl\/wp-json\/wp\/v2\/media?parent=41"}],"curies":[{"name":"wp","href":"https:\/\/api.w.org\/{rel}","templated":true}]}}