{"id":779,"date":"2015-11-15T09:38:19","date_gmt":"2015-11-15T08:38:19","guid":{"rendered":"http:\/\/pv-wp.barterode.de\/?page_id=33"},"modified":"2019-03-26T08:46:18","modified_gmt":"2019-03-26T07:46:18","slug":"unsere-arbeit","status":"publish","type":"page","link":"https:\/\/partnerschaftsverein-adelebsen.de\/pl\/der-verein\/unsere-arbeit","title":{"rendered":"Nasza praca"},"content":{"rendered":"<p><span id=\"result_box\" class=\"\" lang=\"pl\"><span title=\"Purpose of the Association (shortened by the Statute of the Charity Association): \"><strong>Celem stowarzyszenia<\/strong> (skr\u00f3cona Statut Stowarzyszenia Dobroczynno\u015bci):<\/span><\/span><\/p>\n<p><span title=\"The association is an understanding between the peoples of the Republic of Poland and the Federal Republic of Germany and in particular the deepening of interpersonal relationships of the inhabitants of the city Wielu\u0144, the municipality Ostr\u00f3wek and the municipality Adelebsen. \">Stowarzyszenie jest zrozumienie mi\u0119dzy narodami Rzeczypospolitej Polskiej i Republiki Federalnej Niemiec, a zw\u0142aszcza pog\u0142\u0119biania relacji interpersonalnych mieszka\u0144c\u00f3w miasta Wielunia, gmina Ostr\u00f3wek i gminy Adelebsen.<\/span><\/p>\n<p><span title=\"The association has the purpose to continue to develop partnerships of municipality Adelebsen with the city Wielu\u0144 and the municipality Ostr\u00f3wek, to maintain and to drive in all fields above;\">Stowarzyszenie ma na celu dalszego rozwijania partnerstwa wsi Adelebsen z miasta Wielu\u0144 i Ostr\u00f3wek gmina, utrzymania i prowadzenia pojazd\u00f3w we wszystkich dziedzinach powy\u017cej; <\/span><span title=\"He will also support organizations and associations, which build partnerships with groups in partner municipalities and entertain. \">B\u0119dzie r\u00f3wnie\u017c wspiera\u0107 organizacje i stowarzyszenia, kt\u00f3re buduj\u0105 partnerstwa z grup w gminach partnerskich i bawi\u0107.<\/span><\/p>\n<p><span title=\"The association has set itself the task of communicating through meetings of citizens, associations and clubs insights and knowledge of the cultural, social, sporting, economic and local political conditions. \">Stowarzyszenie stawia sobie za zadanie komunikowa\u0107 poprzez spotkania obywateli, stowarzysze\u0144 i klub\u00f3w spostrze\u017ce\u0144 i wiedzy na temat kulturowych, spo\u0142ecznych, sportowych, politycznych, gospodarczych i warunk\u00f3w lokalnych.<\/span><\/p>\n<p><span title=\"It wants to contribute with the means of public relations work to eliminate prejudice. \">To chce przyczyni\u0107 si\u0119 ze \u015brodkami pracy public relations w celu wyeliminowania uprzedze\u0144.<\/span><\/p>\n<p><span title=\"It supports cultural exchanges and promotes the meeting between residents, particularly young people, of the partner municipalities. \"><strong>Wspiera wymian\u0119 kulturaln\u0105 i promuje spotkanie mieszka\u0144c\u00f3w, zw\u0142aszcza m\u0142odych ludzi, gmin partnerskich.<\/strong><\/span><\/p>\n<p><span title=\"The membership fee is annually 6 \u20ac for individuals and non-profit associations and 50 \u20ac for legal persons. \">Op\u0142ata cz\u0142onkowska wynosi rocznie 6 \u20ac dla os\u00f3b prywatnych i stowarzysze\u0144 non-profit i 50 \u20ac dla os\u00f3b prawnych.<\/span><\/p>\n<p><span title=\"The first elected board consisted of: \"><strong>Pierwszy wybrany zarz\u0105d sk\u0142ada\u0142 si\u0119 z:<\/strong><br \/>\n<\/span><span title=\"Chairman: Mrs Annelie Thieme \">Przewodnicz\u0105cy: Pani Annelie Thieme<br \/>\n<\/span><span title=\"Deputy.\">Zast\u0119pca. <\/span><span title=\"Chairman: Jolanta Sporleder \">Przewodnicz\u0105cy: Pani Jolanta Sporleder<br \/>\n<\/span><span title=\"Deputy.\">Zast\u0119pca. <\/span><span title=\"Chairman: Mr Helmut Schwer \">Przewodnicz\u0105cy: Pan Helmut Schwer<br \/>\n<\/span><span title=\"Secretary: Mr. Norbert Hilke \">Sekretarz: Pan Norbert Hilke<br \/>\n<\/span><span title=\"Treasurer: Mr Henning Riemenschneider \">Skarbnik: Pan Henning Riemenschneider<\/span><\/p>\n<p><span title=\"The club had after the foundation 20 natural persons as members and 5 legal entities (Municipality Adelebsen, Parish Barterode, Sparkasse G\u00f6ttingen, Volksbank Adelebsen, Municipality youth fire brigade Adelebsen). \">Klub mia\u0142 po za\u0142o\u017ceniu 20 os\u00f3b fizycznych, jak i 5 cz\u0142onk\u00f3w podmiotami prawnymi (gmina Adelebsen, parafia Barterode, Sparkasse Getynga, Volksbank Adelebsen, gmina ognia Youth Brigade Adelebsen).<\/span><\/p>\n<p><span title=\"Current members as of 18 individuals and 6 entities (in addition to the preceding nor the Kyffh\u00e4user camaraderie G\u00fcntersen) \">Obecni cz\u0142onkowie poczynaj\u0105c od 17 os\u00f3b i 6 jednostek (w uzupe\u0142nieniu do poprzedniego, ani w Kyffh\u00e4user kole\u017ce\u0144stwa G\u00fcntersen)<\/span><\/p>\n<p><span title=\"Here is a list of our activities: &nbsp;&nbsp;&nbsp;&nbsp;\"><strong>Oto lista naszych dzia\u0142a\u0144:<\/strong>&nbsp;&nbsp;&nbsp; <\/span><\/p>\n<ul>\n<li><span id=\"result_box\" class=\"\" lang=\"pl\"><span title=\"Financial support of student exchange between the Albert Schweitzer School Adelebsen and the Gimnazjum nr.\">Wsparcie finansowe z wymiany studenckiej pomi\u0119dzy Albert Schweitzer Szko\u0142y Adelebsen oraz Gimnazjum nr. <\/span><span title=\"2 in Wielu\u0144 &nbsp;&nbsp;&nbsp;&nbsp;\">2 w Wieluniu<\/span><\/span><\/li>\n<li><span id=\"result_box\" class=\"\" lang=\"pl\"><span title=\"Co-organizer of the joint project &quot;Together Closer&quot; (or &quot;closer to each other&quot;) under the German-Polish Year 2005-2006 Adelebsen v. 19.05.\">Wsp\u00f3\u0142organizator wsp\u00f3lnego projektu &#8222;Razem Bli\u017cej&#8221; (lub &#8222;bli\u017cej siebie&#8221;) w ramach Roku Polsko-Niemieckiego 2005\/2006 Adelebsen v. 19,05. <\/span><span title=\"- 21.05.2006 together with the Foundation for the Development of the Wielu\u0144 county. &nbsp;&nbsp;&nbsp;&nbsp;\">&#8211; 21.05.2006 wraz z Fundacj\u0105 Rozwoju powiecie wielu\u0144skim<\/span><\/span><\/li>\n<li><span id=\"result_box\" class=\"\" lang=\"pl\"><span title=\"Funding of joint youth camps the Municipality youth fire brigade with the youth brigades of the partner municipalities &nbsp;&nbsp;&nbsp;&nbsp;\">Dofinansowanie wsp\u00f3lnych oboz\u00f3w m\u0142odzie\u017cowych gmina ognia Youth Brigade z brygad m\u0142odzie\u017cowych gmin partnerskich<\/span><\/span><\/li>\n<li><span id=\"result_box\" class=\"\" lang=\"pl\"><span title=\"Organization and financing of donations of medical equipment for the district hospital in Wielu\u0144 and the social home in Skrzynno and the self-help home in the municipality Ostr\u00f3wek &nbsp;&nbsp;&nbsp;&nbsp;\">Organizacja i finansowanie darowizn sprz\u0119tu medycznego dla Szpitala Powiatowego w Wieluniu i domu pomocy spo\u0142ecznej w Skrzynna i samopomocy domu w miejscowo\u015bci Ostr\u00f3wek<\/span><\/span><\/li>\n<li><span id=\"result_box\" class=\"\" lang=\"pl\"><span title=\"Financial support for the journeys of groups in the partner municipalities &nbsp;&nbsp;&nbsp;&nbsp;\">Wsparcie finansowe dla przejazd\u00f3w grup w gminach partnerskich<\/span><\/span><\/li>\n<li><span id=\"result_box\" class=\"\" lang=\"pl\"><span title=\"Co-organization of the 10th anniversary of the partnership in Adelebsen &nbsp;&nbsp;&nbsp;&nbsp;\">Wsp\u00f3\u0142organizacja 10. rocznicy partnerstwa w Adelebsen<\/span><\/span><\/li>\n<li><span id=\"result_box\" class=\"\" lang=\"pl\"><span title=\"Setting up a bench in the twinned Wielu\u0144 &nbsp;&nbsp;&nbsp;&nbsp;\">Utworzenie \u0142awa w bli\u017aniaczym Wieluniu<\/span><\/span><\/li>\n<li><span id=\"result_box\" class=\"\" lang=\"pl\"><span title=\"Organization and financing of a visit of woodcarvers in Adelebsen and Barterode &nbsp;&nbsp;&nbsp;&nbsp;\">Organizacja i finansowanie wizycie rze\u017abiarzy w Adelebsen i Barterode<\/span><\/span><\/li>\n<li><span id=\"result_box\" class=\"\" lang=\"pl\"><span title=\"Financial Support to accommodation costs for Polish delegations at festivals of local fire brigades and clubs &nbsp;&nbsp;&nbsp;&nbsp;\">Pomoc finansowa na koszty zakwaterowania dla polskich delegacji na festiwalach lokalnych stra\u017cy po\u017carnej i klub\u00f3w<\/span><\/span><\/li>\n<\/ul>\n<p><span class=\"\" lang=\"pl\"><span class=\"\" lang=\"pl\"><span title=\"and much more. \">i wiele wi\u0119cej.<\/span><\/span><\/span><span id=\"result_box\" class=\"\" lang=\"pl\"><span title=\"The first trip of a youth group to the partner municipalities was the drive of the first youth team of the TTC Barterode and the fishing community Barterode in the period from 08.06.2000 until 13.06.2000 after Wielu\u0144 and Ostr\u00f3wek.\">Pierwszy wyjazd z grup\u0105 m\u0142odzie\u017cy z gmin partnerskich by\u0142 nap\u0119d pierwszej dru\u017cyny m\u0142odzie\u017cowej TTC Barterode i spo\u0142eczno\u015b\u0107 rybacka Barterode w okresie od dnia 08.06.2000 do dnia 13.06.2000 po Wieluniu i Ostr\u00f3wek.<\/span><\/span><\/p>\n<div class=\"shariff\"><ul class=\"shariff-buttons theme-default orientation-horizontal buttonsize-medium\"><li class=\"shariff-button mastodon shariff-nocustomcolor\" style=\"background-color:#563ACC\"><a href=\"https:\/\/s2f.kytta.dev\/?text=Nasza%20praca https%3A%2F%2Fpartnerschaftsverein-adelebsen.de%2Fpl%2Fder-verein%2Funsere-arbeit\" title=\"Udost\u0119pnij na Mastodonu\" aria-label=\"Udost\u0119pnij na Mastodonu\" role=\"button\" rel=\"noopener nofollow\" class=\"shariff-link\" style=\"; background-color:#6364FF; color:#fff\" target=\"_blank\"><span class=\"shariff-icon\" style=\"\"><svg width=\"75\" height=\"79\" viewBox=\"0 0 75 79\" fill=\"none\" xmlns=\"http:\/\/www.w3.org\/2000\/svg\"><path d=\"M37.813-.025C32.462-.058 27.114.13 21.79.598c-8.544.621-17.214 5.58-20.203 13.931C-1.12 23.318.408 32.622.465 41.65c.375 7.316.943 14.78 3.392 21.73 4.365 9.465 14.781 14.537 24.782 15.385 7.64.698 15.761-.213 22.517-4.026a54.1 54.1 0 0 0 .01-6.232c-6.855 1.316-14.101 2.609-21.049 1.074-3.883-.88-6.876-4.237-7.25-8.215-1.53-3.988 3.78-.43 5.584-.883 9.048 1.224 18.282.776 27.303-.462 7.044-.837 14.26-4.788 16.65-11.833 2.263-6.135 1.215-12.79 1.698-19.177.06-3.84.09-7.692-.262-11.52C72.596 7.844 63.223.981 53.834.684a219.453 219.453 0 0 0-16.022-.71zm11.294 12.882c5.5-.067 10.801 4.143 11.67 9.653.338 1.48.471 3 .471 4.515v21.088h-8.357c-.07-7.588.153-15.182-.131-22.765-.587-4.368-7.04-5.747-9.672-2.397-2.422 3.04-1.47 7.155-1.67 10.735v6.392h-8.307c-.146-4.996.359-10.045-.404-15.002-1.108-4.218-7.809-5.565-10.094-1.666-1.685 3.046-.712 6.634-.976 9.936v14.767h-8.354c.109-8.165-.238-16.344.215-24.5.674-5.346 5.095-10.389 10.676-10.627 4.902-.739 10.103 2.038 12.053 6.631.375 1.435 1.76 1.932 1.994.084 1.844-3.704 5.501-6.739 9.785-6.771.367-.044.735-.068 1.101-.073z\"\/><defs><linearGradient id=\"paint0_linear_549_34\" x1=\"37.0692\" y1=\"0\" x2=\"37.0692\" y2=\"79\" gradientUnits=\"userSpaceOnUse\"><stop stop-color=\"#6364FF\"\/><stop offset=\"1\" stop-color=\"#563ACC\"\/><\/linearGradient><\/defs><\/svg><\/span><span class=\"shariff-text\">udost\u0119pnij<\/span>&nbsp;<\/a><\/li><li class=\"shariff-button facebook shariff-nocustomcolor\" style=\"background-color:#4273c8\"><a href=\"https:\/\/www.facebook.com\/sharer\/sharer.php?u=https%3A%2F%2Fpartnerschaftsverein-adelebsen.de%2Fpl%2Fder-verein%2Funsere-arbeit\" title=\"Udost\u0119pnij na Facebooku\" aria-label=\"Udost\u0119pnij na Facebooku\" role=\"button\" rel=\"nofollow\" class=\"shariff-link\" style=\"; background-color:#3b5998; color:#fff\" target=\"_blank\"><span class=\"shariff-icon\" style=\"\"><svg width=\"32px\" height=\"20px\" xmlns=\"http:\/\/www.w3.org\/2000\/svg\" viewBox=\"0 0 18 32\"><path fill=\"#3b5998\" d=\"M17.1 0.2v4.7h-2.8q-1.5 0-2.1 0.6t-0.5 1.9v3.4h5.2l-0.7 5.3h-4.5v13.6h-5.5v-13.6h-4.5v-5.3h4.5v-3.9q0-3.3 1.9-5.2t5-1.8q2.6 0 4.1 0.2z\"\/><\/svg><\/span><span class=\"shariff-text\">udost\u0119pnij<\/span>&nbsp;<\/a><\/li><li class=\"shariff-button linkedin shariff-nocustomcolor\" style=\"background-color:#1488bf\"><a href=\"https:\/\/www.linkedin.com\/sharing\/share-offsite\/?url=https%3A%2F%2Fpartnerschaftsverein-adelebsen.de%2Fpl%2Fder-verein%2Funsere-arbeit\" title=\"Udost\u0119pnij przez LinkedIn\" aria-label=\"Udost\u0119pnij przez LinkedIn\" role=\"button\" rel=\"noopener nofollow\" class=\"shariff-link\" style=\"; background-color:#0077b5; color:#fff\" target=\"_blank\"><span class=\"shariff-icon\" style=\"\"><svg width=\"32px\" height=\"20px\" xmlns=\"http:\/\/www.w3.org\/2000\/svg\" viewBox=\"0 0 27 32\"><path fill=\"#0077b5\" d=\"M6.2 11.2v17.7h-5.9v-17.7h5.9zM6.6 5.7q0 1.3-0.9 2.2t-2.4 0.9h0q-1.5 0-2.4-0.9t-0.9-2.2 0.9-2.2 2.4-0.9 2.4 0.9 0.9 2.2zM27.4 18.7v10.1h-5.9v-9.5q0-1.9-0.7-2.9t-2.3-1.1q-1.1 0-1.9 0.6t-1.2 1.5q-0.2 0.5-0.2 1.4v9.9h-5.9q0-7.1 0-11.6t0-5.3l0-0.9h5.9v2.6h0q0.4-0.6 0.7-1t1-0.9 1.6-0.8 2-0.3q3 0 4.9 2t1.9 6z\"\/><\/svg><\/span><span class=\"shariff-text\">udost\u0119pnij<\/span>&nbsp;<\/a><\/li><li class=\"shariff-button info shariff-nocustomcolor\" style=\"background-color:#eee\"><a href=\"http:\/\/ct.de\/-2467514\" title=\"Wi\u0119cej informacji\" aria-label=\"Wi\u0119cej informacji\" role=\"button\" rel=\"noopener \" class=\"shariff-link\" style=\"; background-color:#fff; color:#fff\" target=\"_blank\"><span class=\"shariff-icon\" style=\"\"><svg width=\"32px\" height=\"20px\" xmlns=\"http:\/\/www.w3.org\/2000\/svg\" viewBox=\"0 0 11 32\"><path fill=\"#999\" d=\"M11.4 24v2.3q0 0.5-0.3 0.8t-0.8 0.4h-9.1q-0.5 0-0.8-0.4t-0.4-0.8v-2.3q0-0.5 0.4-0.8t0.8-0.4h1.1v-6.8h-1.1q-0.5 0-0.8-0.4t-0.4-0.8v-2.3q0-0.5 0.4-0.8t0.8-0.4h6.8q0.5 0 0.8 0.4t0.4 0.8v10.3h1.1q0.5 0 0.8 0.4t0.3 0.8zM9.2 3.4v3.4q0 0.5-0.4 0.8t-0.8 0.4h-4.6q-0.4 0-0.8-0.4t-0.4-0.8v-3.4q0-0.4 0.4-0.8t0.8-0.4h4.6q0.5 0 0.8 0.4t0.4 0.8z\"\/><\/svg><\/span><\/a><\/li><\/ul><\/div>","protected":false},"excerpt":{"rendered":"<p>Celem stowarzyszenia (skr\u00f3cona Statut Stowarzyszenia Dobroczynno\u015bci): Stowarzyszenie jest zrozumienie mi\u0119dzy narodami Rzeczypospolitej Polskiej i Republiki Federalnej Niemiec, a zw\u0142aszcza pog\u0142\u0119biania relacji interpersonalnych <a class=\"more-link\" href=\"https:\/\/partnerschaftsverein-adelebsen.de\/pl\/der-verein\/unsere-arbeit\">weiterlesen&#8230;<\/a> <a class=\"more-link\" href=\"https:\/\/partnerschaftsverein-adelebsen.de\/pl\/der-verein\/unsere-arbeit\">weiterlesen&#8230;<\/a><\/p>\n","protected":false},"author":2,"featured_media":0,"parent":69,"menu_order":0,"comment_status":"closed","ping_status":"closed","template":"","meta":{"footnotes":""},"class_list":["post-779","page","type-page","status-publish","hentry"],"yoast_head":"<!-- This site is optimized with the Yoast SEO plugin v27.4 - https:\/\/yoast.com\/product\/yoast-seo-wordpress\/ -->\n<title>Nasza praca - Partnerstwo Ostr\u00f3wek, Wielu\u0144 &amp; Adelebsen<\/title>\n<meta name=\"description\" content=\"Seiten zu deutsch-polnischen Themen und Nachrichten aus Wielu\u0144 und Adelebsen.\" \/>\n<meta name=\"robots\" content=\"index, follow, max-snippet:-1, max-image-preview:large, max-video-preview:-1\" \/>\n<link rel=\"canonical\" href=\"https:\/\/partnerschaftsverein-adelebsen.de\/pl\/der-verein\/unsere-arbeit\" \/>\n<meta property=\"og:locale\" content=\"pl_PL\" \/>\n<meta property=\"og:type\" content=\"article\" \/>\n<meta property=\"og:title\" content=\"Nasza praca - Partnerstwo Ostr\u00f3wek, Wielu\u0144 &amp; Adelebsen\" \/>\n<meta property=\"og:description\" content=\"Seiten zu deutsch-polnischen Themen und Nachrichten aus Wielu\u0144 und Adelebsen.\" \/>\n<meta property=\"og:url\" content=\"https:\/\/partnerschaftsverein-adelebsen.de\/pl\/der-verein\/unsere-arbeit\" \/>\n<meta property=\"og:site_name\" content=\"Partnerstwo Ostr\u00f3wek, Wielu\u0144 &amp; Adelebsen\" \/>\n<meta property=\"article:publisher\" content=\"https:\/\/www.facebook.com\/groups\/Partnerschaftsverein.Adelebsen\/\" \/>\n<meta property=\"article:modified_time\" content=\"2019-03-26T07:46:18+00:00\" \/>\n<meta name=\"twitter:card\" content=\"summary_large_image\" \/>\n<meta name=\"twitter:label1\" content=\"Szacowany czas czytania\" \/>\n\t<meta name=\"twitter:data1\" content=\"7 minut\" \/>\n<script type=\"application\/ld+json\" class=\"yoast-schema-graph\">{\"@context\":\"https:\\\/\\\/schema.org\",\"@graph\":[{\"@type\":\"WebPage\",\"@id\":\"https:\\\/\\\/partnerschaftsverein-adelebsen.de\\\/pl\\\/der-verein\\\/unsere-arbeit\",\"url\":\"https:\\\/\\\/partnerschaftsverein-adelebsen.de\\\/pl\\\/der-verein\\\/unsere-arbeit\",\"name\":\"Nasza praca - Partnerstwo Ostr\u00f3wek, Wielu\u0144 &amp; Adelebsen\",\"isPartOf\":{\"@id\":\"https:\\\/\\\/partnerschaftsverein-adelebsen.de\\\/pl\\\/#website\"},\"datePublished\":\"2015-11-15T08:38:19+00:00\",\"dateModified\":\"2019-03-26T07:46:18+00:00\",\"description\":\"Seiten zu deutsch-polnischen Themen und Nachrichten aus Wielu\u0144 und Adelebsen.\",\"breadcrumb\":{\"@id\":\"https:\\\/\\\/partnerschaftsverein-adelebsen.de\\\/pl\\\/der-verein\\\/unsere-arbeit#breadcrumb\"},\"inLanguage\":\"pl-PL\",\"potentialAction\":[{\"@type\":\"ReadAction\",\"target\":[[\"https:\\\/\\\/partnerschaftsverein-adelebsen.de\\\/pl\\\/der-verein\\\/unsere-arbeit\"]]}]},{\"@type\":\"BreadcrumbList\",\"@id\":\"https:\\\/\\\/partnerschaftsverein-adelebsen.de\\\/pl\\\/der-verein\\\/unsere-arbeit#breadcrumb\",\"itemListElement\":[{\"@type\":\"ListItem\",\"position\":1,\"name\":\"Startseite\",\"item\":\"https:\\\/\\\/partnerschaftsverein-adelebsen.de\\\/pl\\\/\"},{\"@type\":\"ListItem\",\"position\":2,\"name\":\"Stowarzyszenie\",\"item\":\"https:\\\/\\\/partnerschaftsverein-adelebsen.de\\\/pl\\\/der-verein\"},{\"@type\":\"ListItem\",\"position\":3,\"name\":\"Nasza praca\"}]},{\"@type\":\"WebSite\",\"@id\":\"https:\\\/\\\/partnerschaftsverein-adelebsen.de\\\/pl\\\/#website\",\"url\":\"https:\\\/\\\/partnerschaftsverein-adelebsen.de\\\/pl\\\/\",\"name\":\"Partnerstwo Ostr\u00f3wek, Wielu\u0144 &amp; Adelebsen\",\"description\":\"Stowarzyszenie partnerskie Adelebsen\",\"publisher\":{\"@id\":\"https:\\\/\\\/partnerschaftsverein-adelebsen.de\\\/pl\\\/#organization\"},\"potentialAction\":[{\"@type\":\"SearchAction\",\"target\":{\"@type\":\"EntryPoint\",\"urlTemplate\":\"https:\\\/\\\/partnerschaftsverein-adelebsen.de\\\/pl\\\/?s={search_term_string}\"},\"query-input\":{\"@type\":\"PropertyValueSpecification\",\"valueRequired\":true,\"valueName\":\"search_term_string\"}}],\"inLanguage\":\"pl-PL\"},{\"@type\":\"Organization\",\"@id\":\"https:\\\/\\\/partnerschaftsverein-adelebsen.de\\\/pl\\\/#organization\",\"name\":\"F\u00f6rderverein der Partnerschaften Ostrowek, Wielun und Adelebsen e.V.\",\"url\":\"https:\\\/\\\/partnerschaftsverein-adelebsen.de\\\/pl\\\/\",\"logo\":{\"@type\":\"ImageObject\",\"inLanguage\":\"pl-PL\",\"@id\":\"https:\\\/\\\/partnerschaftsverein-adelebsen.de\\\/pl\\\/#\\\/schema\\\/logo\\\/image\\\/\",\"url\":\"https:\\\/\\\/partnerschaftsverein-adelebsen.de\\\/wp-content\\\/uploads\\\/2016\\\/08\\\/pv-logo-06.png\",\"contentUrl\":\"https:\\\/\\\/partnerschaftsverein-adelebsen.de\\\/wp-content\\\/uploads\\\/2016\\\/08\\\/pv-logo-06.png\",\"width\":544,\"height\":674,\"caption\":\"F\u00f6rderverein der Partnerschaften Ostrowek, Wielun und Adelebsen e.V.\"},\"image\":{\"@id\":\"https:\\\/\\\/partnerschaftsverein-adelebsen.de\\\/pl\\\/#\\\/schema\\\/logo\\\/image\\\/\"},\"sameAs\":[\"https:\\\/\\\/www.facebook.com\\\/groups\\\/Partnerschaftsverein.Adelebsen\\\/\"]}]}<\/script>\n<!-- \/ Yoast SEO plugin. -->","yoast_head_json":{"title":"Nasza praca - Partnerstwo Ostr\u00f3wek, Wielu\u0144 &amp; Adelebsen","description":"Seiten zu deutsch-polnischen Themen und Nachrichten aus Wielu\u0144 und Adelebsen.","robots":{"index":"index","follow":"follow","max-snippet":"max-snippet:-1","max-image-preview":"max-image-preview:large","max-video-preview":"max-video-preview:-1"},"canonical":"https:\/\/partnerschaftsverein-adelebsen.de\/pl\/der-verein\/unsere-arbeit","og_locale":"pl_PL","og_type":"article","og_title":"Nasza praca - Partnerstwo Ostr\u00f3wek, Wielu\u0144 &amp; Adelebsen","og_description":"Seiten zu deutsch-polnischen Themen und Nachrichten aus Wielu\u0144 und Adelebsen.","og_url":"https:\/\/partnerschaftsverein-adelebsen.de\/pl\/der-verein\/unsere-arbeit","og_site_name":"Partnerstwo Ostr\u00f3wek, Wielu\u0144 &amp; Adelebsen","article_publisher":"https:\/\/www.facebook.com\/groups\/Partnerschaftsverein.Adelebsen\/","article_modified_time":"2019-03-26T07:46:18+00:00","twitter_card":"summary_large_image","twitter_misc":{"Szacowany czas czytania":"7 minut"},"schema":{"@context":"https:\/\/schema.org","@graph":[{"@type":"WebPage","@id":"https:\/\/partnerschaftsverein-adelebsen.de\/pl\/der-verein\/unsere-arbeit","url":"https:\/\/partnerschaftsverein-adelebsen.de\/pl\/der-verein\/unsere-arbeit","name":"Nasza praca - Partnerstwo Ostr\u00f3wek, Wielu\u0144 &amp; Adelebsen","isPartOf":{"@id":"https:\/\/partnerschaftsverein-adelebsen.de\/pl\/#website"},"datePublished":"2015-11-15T08:38:19+00:00","dateModified":"2019-03-26T07:46:18+00:00","description":"Seiten zu deutsch-polnischen Themen und Nachrichten aus Wielu\u0144 und Adelebsen.","breadcrumb":{"@id":"https:\/\/partnerschaftsverein-adelebsen.de\/pl\/der-verein\/unsere-arbeit#breadcrumb"},"inLanguage":"pl-PL","potentialAction":[{"@type":"ReadAction","target":[["https:\/\/partnerschaftsverein-adelebsen.de\/pl\/der-verein\/unsere-arbeit"]]}]},{"@type":"BreadcrumbList","@id":"https:\/\/partnerschaftsverein-adelebsen.de\/pl\/der-verein\/unsere-arbeit#breadcrumb","itemListElement":[{"@type":"ListItem","position":1,"name":"Startseite","item":"https:\/\/partnerschaftsverein-adelebsen.de\/pl\/"},{"@type":"ListItem","position":2,"name":"Stowarzyszenie","item":"https:\/\/partnerschaftsverein-adelebsen.de\/pl\/der-verein"},{"@type":"ListItem","position":3,"name":"Nasza praca"}]},{"@type":"WebSite","@id":"https:\/\/partnerschaftsverein-adelebsen.de\/pl\/#website","url":"https:\/\/partnerschaftsverein-adelebsen.de\/pl\/","name":"Partnerstwo Ostr\u00f3wek, Wielu\u0144 &amp; Adelebsen","description":"Stowarzyszenie partnerskie Adelebsen","publisher":{"@id":"https:\/\/partnerschaftsverein-adelebsen.de\/pl\/#organization"},"potentialAction":[{"@type":"SearchAction","target":{"@type":"EntryPoint","urlTemplate":"https:\/\/partnerschaftsverein-adelebsen.de\/pl\/?s={search_term_string}"},"query-input":{"@type":"PropertyValueSpecification","valueRequired":true,"valueName":"search_term_string"}}],"inLanguage":"pl-PL"},{"@type":"Organization","@id":"https:\/\/partnerschaftsverein-adelebsen.de\/pl\/#organization","name":"F\u00f6rderverein der Partnerschaften Ostrowek, Wielun und Adelebsen e.V.","url":"https:\/\/partnerschaftsverein-adelebsen.de\/pl\/","logo":{"@type":"ImageObject","inLanguage":"pl-PL","@id":"https:\/\/partnerschaftsverein-adelebsen.de\/pl\/#\/schema\/logo\/image\/","url":"https:\/\/partnerschaftsverein-adelebsen.de\/wp-content\/uploads\/2016\/08\/pv-logo-06.png","contentUrl":"https:\/\/partnerschaftsverein-adelebsen.de\/wp-content\/uploads\/2016\/08\/pv-logo-06.png","width":544,"height":674,"caption":"F\u00f6rderverein der Partnerschaften Ostrowek, Wielun und Adelebsen e.V."},"image":{"@id":"https:\/\/partnerschaftsverein-adelebsen.de\/pl\/#\/schema\/logo\/image\/"},"sameAs":["https:\/\/www.facebook.com\/groups\/Partnerschaftsverein.Adelebsen\/"]}]}},"_links":{"self":[{"href":"https:\/\/partnerschaftsverein-adelebsen.de\/pl\/wp-json\/wp\/v2\/pages\/779","targetHints":{"allow":["GET"]}}],"collection":[{"href":"https:\/\/partnerschaftsverein-adelebsen.de\/pl\/wp-json\/wp\/v2\/pages"}],"about":[{"href":"https:\/\/partnerschaftsverein-adelebsen.de\/pl\/wp-json\/wp\/v2\/types\/page"}],"author":[{"embeddable":true,"href":"https:\/\/partnerschaftsverein-adelebsen.de\/pl\/wp-json\/wp\/v2\/users\/2"}],"replies":[{"embeddable":true,"href":"https:\/\/partnerschaftsverein-adelebsen.de\/pl\/wp-json\/wp\/v2\/comments?post=779"}],"version-history":[{"count":0,"href":"https:\/\/partnerschaftsverein-adelebsen.de\/pl\/wp-json\/wp\/v2\/pages\/779\/revisions"}],"up":[{"embeddable":true,"href":"https:\/\/partnerschaftsverein-adelebsen.de\/pl\/wp-json\/wp\/v2\/pages\/69"}],"wp:attachment":[{"href":"https:\/\/partnerschaftsverein-adelebsen.de\/pl\/wp-json\/wp\/v2\/media?parent=779"}],"curies":[{"name":"wp","href":"https:\/\/api.w.org\/{rel}","templated":true}]}}