{"id":803119,"date":"2022-09-24T11:02:44","date_gmt":"2022-09-24T09:02:44","guid":{"rendered":"https:\/\/partnerschaftsverein-adelebsen.de\/?page_id=803119"},"modified":"2022-09-24T11:11:46","modified_gmt":"2022-09-24T09:11:46","slug":"facebook","status":"publish","type":"page","link":"https:\/\/partnerschaftsverein-adelebsen.de\/pl\/news-portal\/facebook","title":{"rendered":"facebook"},"content":{"rendered":"<p>[custom-facebook-feed feed=1]<\/p>\n","protected":false},"excerpt":{"rendered":"<p>[custom-facebook-feed feed=1]<\/p>\n","protected":false},"author":2,"featured_media":0,"parent":1466,"menu_order":0,"comment_status":"closed","ping_status":"closed","template":"","meta":{"footnotes":""},"class_list":["post-803119","page","type-page","status-publish","hentry"],"yoast_head":"<!-- This site is optimized with the Yoast SEO plugin v27.4 - https:\/\/yoast.com\/product\/yoast-seo-wordpress\/ -->\n<title>facebook - Partnerstwo Ostr\u00f3wek, Wielu\u0144 &amp; Adelebsen<\/title>\n<meta name=\"description\" content=\"Seiten zu deutsch-polnischen Themen und Nachrichten aus Wielu\u0144 und Adelebsen.\" \/>\n<meta name=\"robots\" content=\"index, follow, max-snippet:-1, max-image-preview:large, max-video-preview:-1\" \/>\n<link rel=\"canonical\" href=\"https:\/\/partnerschaftsverein-adelebsen.de\/pl\/news-portal\/facebook\" \/>\n<meta property=\"og:locale\" content=\"pl_PL\" \/>\n<meta property=\"og:type\" content=\"article\" \/>\n<meta property=\"og:title\" content=\"facebook - Partnerstwo Ostr\u00f3wek, Wielu\u0144 &amp; Adelebsen\" \/>\n<meta property=\"og:description\" content=\"Seiten zu deutsch-polnischen Themen und Nachrichten aus Wielu\u0144 und Adelebsen.\" \/>\n<meta property=\"og:url\" content=\"https:\/\/partnerschaftsverein-adelebsen.de\/pl\/news-portal\/facebook\" \/>\n<meta property=\"og:site_name\" content=\"Partnerstwo Ostr\u00f3wek, Wielu\u0144 &amp; Adelebsen\" \/>\n<meta property=\"article:publisher\" content=\"https:\/\/www.facebook.com\/groups\/Partnerschaftsverein.Adelebsen\/\" \/>\n<meta property=\"article:modified_time\" content=\"2022-09-24T09:11:46+00:00\" \/>\n<meta name=\"twitter:card\" content=\"summary_large_image\" \/>\n<script type=\"application\/ld+json\" class=\"yoast-schema-graph\">{\"@context\":\"https:\\\/\\\/schema.org\",\"@graph\":[{\"@type\":\"WebPage\",\"@id\":\"https:\\\/\\\/partnerschaftsverein-adelebsen.de\\\/pl\\\/news-portal\\\/facebook\",\"url\":\"https:\\\/\\\/partnerschaftsverein-adelebsen.de\\\/pl\\\/news-portal\\\/facebook\",\"name\":\"facebook - Partnerstwo Ostr\u00f3wek, Wielu\u0144 &amp; Adelebsen\",\"isPartOf\":{\"@id\":\"https:\\\/\\\/partnerschaftsverein-adelebsen.de\\\/pl\\\/#website\"},\"datePublished\":\"2022-09-24T09:02:44+00:00\",\"dateModified\":\"2022-09-24T09:11:46+00:00\",\"description\":\"Seiten zu deutsch-polnischen Themen und Nachrichten aus Wielu\u0144 und Adelebsen.\",\"breadcrumb\":{\"@id\":\"https:\\\/\\\/partnerschaftsverein-adelebsen.de\\\/pl\\\/news-portal\\\/facebook#breadcrumb\"},\"inLanguage\":\"pl-PL\",\"potentialAction\":[{\"@type\":\"ReadAction\",\"target\":[[\"https:\\\/\\\/partnerschaftsverein-adelebsen.de\\\/pl\\\/news-portal\\\/facebook\"]]}]},{\"@type\":\"BreadcrumbList\",\"@id\":\"https:\\\/\\\/partnerschaftsverein-adelebsen.de\\\/pl\\\/news-portal\\\/facebook#breadcrumb\",\"itemListElement\":[{\"@type\":\"ListItem\",\"position\":1,\"name\":\"Startseite\",\"item\":\"https:\\\/\\\/partnerschaftsverein-adelebsen.de\\\/pl\\\/\"},{\"@type\":\"ListItem\",\"position\":2,\"name\":\"Portal informacyjny\",\"item\":\"https:\\\/\\\/partnerschaftsverein-adelebsen.de\\\/pl\\\/news-portal\"},{\"@type\":\"ListItem\",\"position\":3,\"name\":\"facebook\"}]},{\"@type\":\"WebSite\",\"@id\":\"https:\\\/\\\/partnerschaftsverein-adelebsen.de\\\/pl\\\/#website\",\"url\":\"https:\\\/\\\/partnerschaftsverein-adelebsen.de\\\/pl\\\/\",\"name\":\"Partnerstwo Ostr\u00f3wek, Wielu\u0144 &amp; Adelebsen\",\"description\":\"Stowarzyszenie partnerskie Adelebsen\",\"publisher\":{\"@id\":\"https:\\\/\\\/partnerschaftsverein-adelebsen.de\\\/pl\\\/#organization\"},\"potentialAction\":[{\"@type\":\"SearchAction\",\"target\":{\"@type\":\"EntryPoint\",\"urlTemplate\":\"https:\\\/\\\/partnerschaftsverein-adelebsen.de\\\/pl\\\/?s={search_term_string}\"},\"query-input\":{\"@type\":\"PropertyValueSpecification\",\"valueRequired\":true,\"valueName\":\"search_term_string\"}}],\"inLanguage\":\"pl-PL\"},{\"@type\":\"Organization\",\"@id\":\"https:\\\/\\\/partnerschaftsverein-adelebsen.de\\\/pl\\\/#organization\",\"name\":\"F\u00f6rderverein der Partnerschaften Ostrowek, Wielun und Adelebsen e.V.\",\"url\":\"https:\\\/\\\/partnerschaftsverein-adelebsen.de\\\/pl\\\/\",\"logo\":{\"@type\":\"ImageObject\",\"inLanguage\":\"pl-PL\",\"@id\":\"https:\\\/\\\/partnerschaftsverein-adelebsen.de\\\/pl\\\/#\\\/schema\\\/logo\\\/image\\\/\",\"url\":\"https:\\\/\\\/partnerschaftsverein-adelebsen.de\\\/wp-content\\\/uploads\\\/2016\\\/08\\\/pv-logo-06.png\",\"contentUrl\":\"https:\\\/\\\/partnerschaftsverein-adelebsen.de\\\/wp-content\\\/uploads\\\/2016\\\/08\\\/pv-logo-06.png\",\"width\":544,\"height\":674,\"caption\":\"F\u00f6rderverein der Partnerschaften Ostrowek, Wielun und Adelebsen e.V.\"},\"image\":{\"@id\":\"https:\\\/\\\/partnerschaftsverein-adelebsen.de\\\/pl\\\/#\\\/schema\\\/logo\\\/image\\\/\"},\"sameAs\":[\"https:\\\/\\\/www.facebook.com\\\/groups\\\/Partnerschaftsverein.Adelebsen\\\/\"]}]}<\/script>\n<!-- \/ Yoast SEO plugin. -->","yoast_head_json":{"title":"facebook - Partnerstwo Ostr\u00f3wek, Wielu\u0144 &amp; Adelebsen","description":"Seiten zu deutsch-polnischen Themen und Nachrichten aus Wielu\u0144 und Adelebsen.","robots":{"index":"index","follow":"follow","max-snippet":"max-snippet:-1","max-image-preview":"max-image-preview:large","max-video-preview":"max-video-preview:-1"},"canonical":"https:\/\/partnerschaftsverein-adelebsen.de\/pl\/news-portal\/facebook","og_locale":"pl_PL","og_type":"article","og_title":"facebook - Partnerstwo Ostr\u00f3wek, Wielu\u0144 &amp; Adelebsen","og_description":"Seiten zu deutsch-polnischen Themen und Nachrichten aus Wielu\u0144 und Adelebsen.","og_url":"https:\/\/partnerschaftsverein-adelebsen.de\/pl\/news-portal\/facebook","og_site_name":"Partnerstwo Ostr\u00f3wek, Wielu\u0144 &amp; Adelebsen","article_publisher":"https:\/\/www.facebook.com\/groups\/Partnerschaftsverein.Adelebsen\/","article_modified_time":"2022-09-24T09:11:46+00:00","twitter_card":"summary_large_image","schema":{"@context":"https:\/\/schema.org","@graph":[{"@type":"WebPage","@id":"https:\/\/partnerschaftsverein-adelebsen.de\/pl\/news-portal\/facebook","url":"https:\/\/partnerschaftsverein-adelebsen.de\/pl\/news-portal\/facebook","name":"facebook - Partnerstwo Ostr\u00f3wek, Wielu\u0144 &amp; Adelebsen","isPartOf":{"@id":"https:\/\/partnerschaftsverein-adelebsen.de\/pl\/#website"},"datePublished":"2022-09-24T09:02:44+00:00","dateModified":"2022-09-24T09:11:46+00:00","description":"Seiten zu deutsch-polnischen Themen und Nachrichten aus Wielu\u0144 und Adelebsen.","breadcrumb":{"@id":"https:\/\/partnerschaftsverein-adelebsen.de\/pl\/news-portal\/facebook#breadcrumb"},"inLanguage":"pl-PL","potentialAction":[{"@type":"ReadAction","target":[["https:\/\/partnerschaftsverein-adelebsen.de\/pl\/news-portal\/facebook"]]}]},{"@type":"BreadcrumbList","@id":"https:\/\/partnerschaftsverein-adelebsen.de\/pl\/news-portal\/facebook#breadcrumb","itemListElement":[{"@type":"ListItem","position":1,"name":"Startseite","item":"https:\/\/partnerschaftsverein-adelebsen.de\/pl\/"},{"@type":"ListItem","position":2,"name":"Portal informacyjny","item":"https:\/\/partnerschaftsverein-adelebsen.de\/pl\/news-portal"},{"@type":"ListItem","position":3,"name":"facebook"}]},{"@type":"WebSite","@id":"https:\/\/partnerschaftsverein-adelebsen.de\/pl\/#website","url":"https:\/\/partnerschaftsverein-adelebsen.de\/pl\/","name":"Partnerstwo Ostr\u00f3wek, Wielu\u0144 &amp; Adelebsen","description":"Stowarzyszenie partnerskie Adelebsen","publisher":{"@id":"https:\/\/partnerschaftsverein-adelebsen.de\/pl\/#organization"},"potentialAction":[{"@type":"SearchAction","target":{"@type":"EntryPoint","urlTemplate":"https:\/\/partnerschaftsverein-adelebsen.de\/pl\/?s={search_term_string}"},"query-input":{"@type":"PropertyValueSpecification","valueRequired":true,"valueName":"search_term_string"}}],"inLanguage":"pl-PL"},{"@type":"Organization","@id":"https:\/\/partnerschaftsverein-adelebsen.de\/pl\/#organization","name":"F\u00f6rderverein der Partnerschaften Ostrowek, Wielun und Adelebsen e.V.","url":"https:\/\/partnerschaftsverein-adelebsen.de\/pl\/","logo":{"@type":"ImageObject","inLanguage":"pl-PL","@id":"https:\/\/partnerschaftsverein-adelebsen.de\/pl\/#\/schema\/logo\/image\/","url":"https:\/\/partnerschaftsverein-adelebsen.de\/wp-content\/uploads\/2016\/08\/pv-logo-06.png","contentUrl":"https:\/\/partnerschaftsverein-adelebsen.de\/wp-content\/uploads\/2016\/08\/pv-logo-06.png","width":544,"height":674,"caption":"F\u00f6rderverein der Partnerschaften Ostrowek, Wielun und Adelebsen e.V."},"image":{"@id":"https:\/\/partnerschaftsverein-adelebsen.de\/pl\/#\/schema\/logo\/image\/"},"sameAs":["https:\/\/www.facebook.com\/groups\/Partnerschaftsverein.Adelebsen\/"]}]}},"_links":{"self":[{"href":"https:\/\/partnerschaftsverein-adelebsen.de\/pl\/wp-json\/wp\/v2\/pages\/803119","targetHints":{"allow":["GET"]}}],"collection":[{"href":"https:\/\/partnerschaftsverein-adelebsen.de\/pl\/wp-json\/wp\/v2\/pages"}],"about":[{"href":"https:\/\/partnerschaftsverein-adelebsen.de\/pl\/wp-json\/wp\/v2\/types\/page"}],"author":[{"embeddable":true,"href":"https:\/\/partnerschaftsverein-adelebsen.de\/pl\/wp-json\/wp\/v2\/users\/2"}],"replies":[{"embeddable":true,"href":"https:\/\/partnerschaftsverein-adelebsen.de\/pl\/wp-json\/wp\/v2\/comments?post=803119"}],"version-history":[{"count":0,"href":"https:\/\/partnerschaftsverein-adelebsen.de\/pl\/wp-json\/wp\/v2\/pages\/803119\/revisions"}],"up":[{"embeddable":true,"href":"https:\/\/partnerschaftsverein-adelebsen.de\/pl\/wp-json\/wp\/v2\/pages\/1466"}],"wp:attachment":[{"href":"https:\/\/partnerschaftsverein-adelebsen.de\/pl\/wp-json\/wp\/v2\/media?parent=803119"}],"curies":[{"name":"wp","href":"https:\/\/api.w.org\/{rel}","templated":true}]}}